{"id":680,"date":"2021-03-13T23:16:53","date_gmt":"2021-03-13T23:16:53","guid":{"rendered":"http:\/\/el.commonsupport.com\/newwp\/intech\/?page_id=680"},"modified":"2026-01-02T14:06:16","modified_gmt":"2026-01-02T13:06:16","slug":"contact","status":"publish","type":"page","link":"https:\/\/ogronix.com\/index.php\/contact\/","title":{"rendered":"Kontakt"},"content":{"rendered":"\t\t<div data-elementor-type=\"wp-page\" data-elementor-id=\"680\" class=\"elementor elementor-680\">\n\t\t\t\t\t\t<section class=\"elementor-section elementor-top-section elementor-element elementor-element-d64b2af elementor-section-full_width elementor-section-height-default elementor-section-height-default\" data-id=\"d64b2af\" data-element_type=\"section\">\n\t\t\t\t\t\t<div class=\"elementor-container elementor-column-gap-default\">\n\t\t\t\t\t<div class=\"elementor-column elementor-col-100 elementor-top-column elementor-element elementor-element-fa70579\" data-id=\"fa70579\" data-element_type=\"column\">\n\t\t\t<div class=\"elementor-widget-wrap elementor-element-populated\">\n\t\t\t\t\t\t<div class=\"elementor-element elementor-element-ce354e5 elementor-widget elementor-widget-intech_contact_form\" data-id=\"ce354e5\" data-element_type=\"widget\" data-widget_type=\"intech_contact_form.default\">\n\t\t\t\t<div class=\"elementor-widget-container\">\n\t\t\t\t\t        \n        <section class=\"contact-one\">\n            <div class=\"container\">\n                <div class=\"block-title text-center\">\n                    <h2 class=\"block-title__title\"><span>Kontakt aufnehmen<\/span><\/h2><!-- \/.block-title__title -->\n                    <p class=\"block-title__text\">Nehmen Sie Kontakt mit uns auf \u2013 wir sind hier, um Ihnen zu helfen! Schreiben Sie uns Ihr Anliegen und wir werden uns so schnell wie m\u00f6glich bei Ihnen melden!<\/p><!-- \/.block-title__text -->\n                <\/div><!-- \/.block-title -->\n\t\t\t\t\n\t\t\t\t                <div class=\"contact-form-vaidated contact-one__form\">\n\t\t\t\t\t\n<div class=\"wpcf7 no-js\" id=\"wpcf7-f273-o1\" lang=\"en-US\" dir=\"ltr\" data-wpcf7-id=\"273\">\n<div class=\"screen-reader-response\"><p role=\"status\" aria-live=\"polite\" aria-atomic=\"true\"><\/p> <ul><\/ul><\/div>\n<form action=\"\/index.php\/wp-json\/wp\/v2\/pages\/680#wpcf7-f273-o1\" method=\"post\" class=\"wpcf7-form init\" aria-label=\"Contact form\" novalidate=\"novalidate\" data-status=\"init\">\n<div style=\"display: none;\">\n<input type=\"hidden\" name=\"_wpcf7\" value=\"273\" \/>\n<input type=\"hidden\" name=\"_wpcf7_version\" value=\"6.0.2\" \/>\n<input type=\"hidden\" name=\"_wpcf7_locale\" value=\"en_US\" \/>\n<input type=\"hidden\" name=\"_wpcf7_unit_tag\" value=\"wpcf7-f273-o1\" \/>\n<input type=\"hidden\" name=\"_wpcf7_container_post\" value=\"0\" \/>\n<input type=\"hidden\" name=\"_wpcf7_posted_data_hash\" value=\"\" \/>\n<\/div>\n<div class=\"row clearfix\">\n\t<div class=\"col-lg-6\">\n\t\t<p><span class=\"wpcf7-form-control-wrap\" data-name=\"your-name\"><input size=\"40\" maxlength=\"400\" class=\"wpcf7-form-control wpcf7-text wpcf7-validates-as-required\" aria-required=\"true\" aria-invalid=\"false\" placeholder=\"Ihr Name\" value=\"\" type=\"text\" name=\"your-name\" \/><\/span>\n\t\t<\/p>\n\t<\/div>\n\t<div class=\"col-lg-6\">\n\t\t<p><span class=\"wpcf7-form-control-wrap\" data-name=\"your-email\"><input size=\"40\" maxlength=\"400\" class=\"wpcf7-form-control wpcf7-email wpcf7-validates-as-required wpcf7-text wpcf7-validates-as-email\" aria-required=\"true\" aria-invalid=\"false\" placeholder=\"Ihre E-Mail\" value=\"\" type=\"email\" name=\"your-email\" \/><\/span>\n\t\t<\/p>\n\t<\/div>\n\t<div class=\"col-lg-12\">\n\t\t<p><span class=\"wpcf7-form-control-wrap\" data-name=\"your-subject\"><input size=\"40\" maxlength=\"400\" class=\"wpcf7-form-control wpcf7-text wpcf7-validates-as-required\" aria-required=\"true\" aria-invalid=\"false\" placeholder=\"Thema\" value=\"\" type=\"text\" name=\"your-subject\" \/><\/span>\n\t\t<\/p>\n\t<\/div>\n\t<div class=\"col-lg-12\">\n\t\t<p><span class=\"wpcf7-form-control-wrap\" data-name=\"your-message\"><textarea cols=\"40\" rows=\"10\" maxlength=\"2000\" class=\"wpcf7-form-control wpcf7-textarea\" aria-invalid=\"false\" placeholder=\"Ihre Nachricht\" name=\"your-message\"><\/textarea><\/span>\n\t\t<\/p>\n\t<\/div>\n\t<div class=\"col-lg-12 text-left\">\n\t\t<p><input class=\"wpcf7-form-control wpcf7-submit has-spinner thm-btn\" type=\"submit\" value=\"Kostenlose Beratung\" \/>\n\t\t<\/p>\n\t<\/div>\n<\/div><div class=\"wpcf7-response-output\" aria-hidden=\"true\"><\/div>\n<\/form>\n<\/div>\n                <\/div>\n\t\t\t\t            <\/div><!-- \/.container -->\n        <\/section><!-- \/.contact-one -->\n\n        \t\t\t\t<\/div>\n\t\t\t\t<\/div>\n\t\t\t\t<div class=\"elementor-element elementor-element-f54b76d elementor-widget elementor-widget-intech_about_us_v1\" data-id=\"f54b76d\" data-element_type=\"widget\" data-widget_type=\"intech_about_us_v1.default\">\n\t\t\t\t<div class=\"elementor-widget-container\">\n\t\t\t\t\t        \n        <section class=\"about-one @@extra_class\">\n            <div class=\"container\">\n                <div class=\"row\">\n                    <div class=\"col-lg-6\">\n                        <div class=\"about-one__content\">\n                            <div class=\"block-title\">\n                                <h3 class=\"block-title__title\">Beste IT-L\u00f6sungsunternehmen\n<br><span>in der N\u00e4he der Welt <\/span><\/h3><!-- \/.block-title__title -->\n                                <p class=\"block-title__text\"><\/p>\n                                <!-- \/.block-title__text -->\n                            <\/div><!-- \/.block-title -->\n                            <ul class=\"nav nav-tabs about-one__tab-title\" role=\"tablist\">\n\t\t\t\t\t\t\t\t                                <li class=\"nav-item about-one__tab-title-item\">\n                                    <a class=\"nav-link about-one__tab-title-link active\" href=\"#tab-1\" role=\"tab\" data-toggle=\"tab\">\u00dcber uns<\/a>\n                                <\/li>\n\t\t\t\t\t\t\t\t                                <li class=\"nav-item about-one__tab-title-item\">\n                                    <a class=\"nav-link about-one__tab-title-link \" href=\"#tab-2\" role=\"tab\" data-toggle=\"tab\">Unsere Mission<\/a>\n                                <\/li>\n\t\t\t\t\t\t\t\t                                <li class=\"nav-item about-one__tab-title-item\">\n                                    <a class=\"nav-link about-one__tab-title-link \" href=\"#tab-3\" role=\"tab\" data-toggle=\"tab\">Unsere Werte<\/a>\n                                <\/li>\n\t\t\t\t\t\t\t\t                            <\/ul>\n                            <div class=\"about-one__tab-content tab-content\">\n\t\t\t\t\t\t\t\t                                <div role=\"tabpanel\" class=\"tab-pane show active animated fadeInUp\" id=\"tab-1\">\n                                    <div class=\"about-one__content\">\n                                        <p class=\"about-one__text\">Unser Unternehmen bietet individuelle IT-L\u00f6sungen, die auf die spezifischen Bed\u00fcrfnisse jedes Kunden zugeschnitten sind. Unser Ansatz basiert darauf, Ihr Gesch\u00e4ft bis ins Detail zu verstehen, um innovative und effektive L\u00f6sungen zu entwickeln, die echten Mehrwert schaffen.<\/p>\n                                        \n\t\t\t\t\t\t\t\t\t\t\t\t\t\t\t\t\t\t\t\t<ul class=\"about-one__list list-unstyled\">\n\t\t\t\t\t\t\t\t\t\t\t                                            <li class=\"about-one__list-item\">Schritt 1: Verst\u00e4ndnis der Gesch\u00e4ftsprozesse \u2013 Wir analysieren Ihre Abl\u00e4ufe, um Ihre Produkte, Dienstleistungen und Herausforderungen vollst\u00e4ndig zu verstehen.<\/li><!-- \/.about-one__list-item -->\n                                                                                        <li class=\"about-one__list-item\">Schritt 2: Entwicklung ma\u00dfgeschneiderter Strategien \u2013 Auf Grundlage der Analyse entwerfen wir individuelle L\u00f6sungen, die genau zu Ihren Anforderungen und Zielen passen.<\/li><!-- \/.about-one__list-item -->\n                                                                                        <li class=\"about-one__list-item\">Schritt 3: Implementierung der L\u00f6sungen \u2013 Wir setzen die geplanten Ma\u00dfnahmen nahtlos um, integrieren sie in Ihre Prozesse und stellen sicher, dass alles reibungslos funktioniert.<\/li><!-- \/.about-one__list-item -->\n                                                                                    <\/ul><!-- \/.about-one__list -->\n\t\t\t\t\t\t\t\t\t\t\t\t\t\t\t\t\t\t\t\t\n\t\t\t\t\t\t\t\t\t\t                                    <\/div><!-- \/.about-one__content -->\n                                <\/div><!-- \/.tab-pane -->\n\t\t\t\t\t\t\t\t                                <div role=\"tabpanel\" class=\"tab-pane  animated fadeInUp\" id=\"tab-2\">\n                                    <div class=\"about-one__content\">\n                                        <p class=\"about-one__text\">Unsere Mission ist es, Unternehmen bei ihrer digitalen Transformation zu unterst\u00fctzen und ihnen innovative Werkzeuge an die Hand zu geben, mit denen sie effizienter, flexibler und zukunftsf\u00e4higer werden. Wir sind \u00fcberzeugt, dass die Digitalisierung nicht nur technische Prozesse verbessert, sondern auch neue Chancen f\u00fcr Wachstum und Erfolg schafft. Durch unsere L\u00f6sungen helfen wir unseren Kunden, komplexe Herausforderungen zu meistern, ihre Gesch\u00e4ftsprozesse zu optimieren und nachhaltige Wettbewerbsvorteile zu erzielen. Mit Leidenschaft f\u00fcr Technologie und einem klaren Fokus auf Ergebnisse setzen wir neue Ma\u00dfst\u00e4be in der IT-Branche.<\/p>\n                                        \n\t\t\t\t\t\t\t\t\t\t\t\t\t\t\t\t\t\t\t\t<ul class=\"about-one__list list-unstyled\">\n\t\t\t\t\t\t\t\t\t\t\t                                            <li class=\"about-one__list-item\">F\u00f6rderung der digitalen Transformation in allen Branchen<\/li><!-- \/.about-one__list-item -->\n                                                                                        <li class=\"about-one__list-item\">Entwicklung zukunftssicherer IT-Strategien<\/li><!-- \/.about-one__list-item -->\n                                                                                        <li class=\"about-one__list-item\">Unterst\u00fctzung f\u00fcr nachhaltiges Unternehmenswachstum<\/li><!-- \/.about-one__list-item -->\n                                                                                    <\/ul><!-- \/.about-one__list -->\n\t\t\t\t\t\t\t\t\t\t\t\t\t\t\t\t\t\t\t\t\n\t\t\t\t\t\t\t\t\t\t\t\t\t\t\t\t\t\t\t\t<a href=\"http:\/\/el.commonsupport.com\/newwp\/intech\/about-one\/\" class=\"thm-btn about-one__btn\">Mehr lesen<\/a><!-- \/.thm-btn -->\n\t\t\t\t\t\t\t\t\t\t                                    <\/div><!-- \/.about-one__content -->\n                                <\/div><!-- \/.tab-pane -->\n\t\t\t\t\t\t\t\t                                <div role=\"tabpanel\" class=\"tab-pane  animated fadeInUp\" id=\"tab-3\">\n                                    <div class=\"about-one__content\">\n                                        <p class=\"about-one__text\">Unsere Arbeit basiert auf klar definierten Werten, die unser Handeln und unsere Zusammenarbeit mit Kunden und Partnern bestimmen. Integrit\u00e4t bedeutet f\u00fcr uns, dass wir transparent und zuverl\u00e4ssig arbeiten \u2013 eine Grundlage, auf der Vertrauen entsteht. Qualit\u00e4t steht im Mittelpunkt all unserer Dienstleistungen: Wir setzen alles daran, h\u00f6chste Standards zu erf\u00fcllen und unseren Kunden langfristigen Mehrwert zu bieten. Innovation ist der Treiber unseres Handelns. Wir suchen stets nach neuen Wegen und Technologien, um noch bessere L\u00f6sungen zu schaffen. Diese Werte machen uns zu einem verl\u00e4sslichen Partner f\u00fcr Unternehmen, die auf der Suche nach echten IT-L\u00f6sungen sind.<\/p>\n                                        \n\t\t\t\t\t\t\t\t\t\t\t\t\t\t\t\t\t\t\t\t<ul class=\"about-one__list list-unstyled\">\n\t\t\t\t\t\t\t\t\t\t\t                                            <li class=\"about-one__list-item\">Transparenz und Vertrauen in jeder Zusammenarbeit<\/li><!-- \/.about-one__list-item -->\n                                                                                        <li class=\"about-one__list-item\">Streben nach h\u00f6chster Qualit\u00e4t in allen Projekten<\/li><!-- \/.about-one__list-item -->\n                                                                                        <li class=\"about-one__list-item\">Kreative und innovative Ans\u00e4tze f\u00fcr IT-L\u00f6sungen<\/li><!-- \/.about-one__list-item -->\n                                                                                    <\/ul><!-- \/.about-one__list -->\n\t\t\t\t\t\t\t\t\t\t\t\t\t\t\t\t\t\t\t\t\n\t\t\t\t\t\t\t\t\t\t\t\t\t\t\t\t\t\t\t\t<a href=\"http:\/\/el.commonsupport.com\/newwp\/intech\/about-one\/\" class=\"thm-btn about-one__btn\">Mehr lesen<\/a><!-- \/.thm-btn -->\n\t\t\t\t\t\t\t\t\t\t                                    <\/div><!-- \/.about-one__content -->\n                                <\/div><!-- \/.tab-pane -->\n\t\t\t\t\t\t\t\t                            <\/div><!-- \/.tab-content -->\n                        <\/div><!-- \/.about-one__content -->\n                    <\/div><!-- \/.col-lg-6 -->\n                    <div class=\"col-lg-6\">\n                        <div class=\"video-one wow fadeInRight\" data-wow-duration=\"1500ms\">\n                            <img decoding=\"async\" src=\"https:\/\/ogronix.com\/wp-content\/uploads\/2021\/03\/video-1-1-5.jpg\" alt=\"Awesome Image\">\n\t\t\t\t\t\t\t                            <a href=\"https:\/\/www.youtube.com\/watch?v=y2Eqx6ys1hQ\" class=\"hvr-pulse video-one__link video-popup\"><i class=\"fa fa-play\"><\/i><\/a>\n                            <!-- \/.video-one__link -->\n\t\t\t\t\t\t\t                        <\/div><!-- \/.video-one -->\n                    <\/div><!-- \/.col-lg-6 -->\n                <\/div><!-- \/.row -->\n            <\/div><!-- \/.container -->\n        <\/section><!-- \/.about-one -->\n\n        \t\t\t\t<\/div>\n\t\t\t\t<\/div>\n\t\t\t\t\t<\/div>\n\t\t<\/div>\n\t\t\t\t\t<\/div>\n\t\t<\/section>\n\t\t<div class=\"elementor-element elementor-element-a9a57c1 e-flex e-con-boxed e-con e-parent\" data-id=\"a9a57c1\" data-element_type=\"container\">\n\t\t\t\t\t<div class=\"e-con-inner\">\n\t\t\t\t<div class=\"elementor-element elementor-element-2ff5683 elementor-widget elementor-widget-intech_call_to_action_v1\" data-id=\"2ff5683\" data-element_type=\"widget\" data-widget_type=\"intech_call_to_action_v1.default\">\n\t\t\t\t<div class=\"elementor-widget-container\">\n\t\t\t\t\t        \n        <section class=\"cta-one\">\n            <div class=\"container text-center\">\n                <h3 class=\"cta-one__title\">Nehmen Sie Kontakt mit unseren IT-Mitarbeitern auf. <br>Schreiben Sie uns?<\/h3><!-- \/.cta-one__title -->\n                <p class=\"cta-one__phone\"><a href=\"tel:x\">info@ogronix.com<\/a><\/p><!-- \/.cta-one__phone -->\n            <\/div><!-- \/.container -->\n        <\/section><!-- \/.cta-one -->\n\n        \t\t\t\t<\/div>\n\t\t\t\t<\/div>\n\t\t\t\t\t<\/div>\n\t\t\t\t<\/div>\n\t\t\t\t<\/div>\n\t\t","protected":false},"excerpt":{"rendered":"<p>Kontakt aufnehmen Nehmen Sie Kontakt mit uns auf \u2013 wir sind hier, um Ihnen zu helfen! Schreiben Sie uns Ihr Anliegen und wir werden uns so schnell wie m\u00f6glich bei Ihnen melden! Beste IT-L\u00f6sungsunternehmen in der N\u00e4he der Welt \u00dcber uns Unsere Mission Unsere Werte Unser Unternehmen bietet individuelle IT-L\u00f6sungen, die auf die spezifischen Bed\u00fcrfnisse [&hellip;]<\/p>\n","protected":false},"author":1,"featured_media":0,"parent":0,"menu_order":0,"comment_status":"closed","ping_status":"closed","template":"tpl-default-elementor.php","meta":{"footnotes":""},"class_list":["post-680","page","type-page","status-publish","hentry"],"_links":{"self":[{"href":"https:\/\/ogronix.com\/index.php\/wp-json\/wp\/v2\/pages\/680","targetHints":{"allow":["GET"]}}],"collection":[{"href":"https:\/\/ogronix.com\/index.php\/wp-json\/wp\/v2\/pages"}],"about":[{"href":"https:\/\/ogronix.com\/index.php\/wp-json\/wp\/v2\/types\/page"}],"author":[{"embeddable":true,"href":"https:\/\/ogronix.com\/index.php\/wp-json\/wp\/v2\/users\/1"}],"replies":[{"embeddable":true,"href":"https:\/\/ogronix.com\/index.php\/wp-json\/wp\/v2\/comments?post=680"}],"version-history":[{"count":67,"href":"https:\/\/ogronix.com\/index.php\/wp-json\/wp\/v2\/pages\/680\/revisions"}],"predecessor-version":[{"id":1806,"href":"https:\/\/ogronix.com\/index.php\/wp-json\/wp\/v2\/pages\/680\/revisions\/1806"}],"wp:attachment":[{"href":"https:\/\/ogronix.com\/index.php\/wp-json\/wp\/v2\/media?parent=680"}],"curies":[{"name":"wp","href":"https:\/\/api.w.org\/{rel}","templated":true}]}}