{"id":459,"date":"2021-03-13T17:44:59","date_gmt":"2021-03-13T17:44:59","guid":{"rendered":"http:\/\/el.commonsupport.com\/newwp\/intech\/?page_id=459"},"modified":"2026-01-02T14:01:35","modified_gmt":"2026-01-02T13:01:35","slug":"data-management","status":"publish","type":"page","link":"https:\/\/ogronix.com\/index.php\/data-management\/","title":{"rendered":"Datenbanken"},"content":{"rendered":"\t\t<div data-elementor-type=\"wp-page\" data-elementor-id=\"459\" class=\"elementor elementor-459\">\n\t\t\t\t\t\t<section class=\"elementor-section elementor-top-section elementor-element elementor-element-af04681 elementor-section-full_width elementor-section-height-default elementor-section-height-default\" data-id=\"af04681\" data-element_type=\"section\">\n\t\t\t\t\t\t<div class=\"elementor-container elementor-column-gap-default\">\n\t\t\t\t\t<div class=\"elementor-column elementor-col-100 elementor-top-column elementor-element elementor-element-9f94912\" data-id=\"9f94912\" data-element_type=\"column\">\n\t\t\t<div class=\"elementor-widget-wrap elementor-element-populated\">\n\t\t\t\t\t\t<div class=\"elementor-element elementor-element-e5f8d36 elementor-widget elementor-widget-intech_service_details\" data-id=\"e5f8d36\" data-element_type=\"widget\" data-widget_type=\"intech_service_details.default\">\n\t\t\t\t<div class=\"elementor-widget-container\">\n\t\t\t\t\t        \n        <section class=\"services-details__content\">\n            <div class=\"container\">\n                <div class=\"row justify-content-between\">\n                    <div class=\"col-xl-4 col-lg-4\">\n                        <div class=\"services-details__content-info\">\n                            <div id=\"nav_menu-6\" class=\"services-widget widget_nav_menu\"><h3 class=\"services-details__content-info-title\">Type of Services<\/h3><div class=\"menu-dienstleistungen-container\"><ul id=\"menu-dienstleistungen\" class=\"menu\"><li id=\"menu-item-1017\" class=\"menu-item menu-item-type-post_type menu-item-object-page menu-item-1017\"><a href=\"https:\/\/ogronix.com\/index.php\/multi-function-services\/\">Komplexe L\u00f6sungen<\/a><\/li>\n<li id=\"menu-item-1018\" class=\"menu-item menu-item-type-post_type menu-item-object-page menu-item-1018\"><a href=\"https:\/\/ogronix.com\/index.php\/managed-it-services\/\">Webseitenentwicklung<\/a><\/li>\n<li id=\"menu-item-1019\" class=\"menu-item menu-item-type-post_type menu-item-object-page menu-item-1019\"><a href=\"https:\/\/ogronix.com\/index.php\/cyber-security\/\">TV-Anwendungen<\/a><\/li>\n<li id=\"menu-item-1020\" class=\"menu-item menu-item-type-post_type menu-item-object-page menu-item-1020\"><a href=\"https:\/\/ogronix.com\/index.php\/data-management\/\">Datenbanken<\/a><\/li>\n<li id=\"menu-item-1021\" class=\"menu-item menu-item-type-post_type menu-item-object-page menu-item-1021\"><a href=\"https:\/\/ogronix.com\/index.php\/cloud-computing\/\">Systeml\u00f6sungen<\/a><\/li>\n<\/ul><\/div><\/div>                        <\/div><!-- \/.services-details__content-info -->\n                    <\/div><!-- \/.col-xl-4 -->\n\t\t\t\t\t\n                    <div class=\"col-xl-7 col-lg-8\">\n                        <div class=\"services-details__content-block\">\n                            <div class=\"block-title\">\n                                <h2 class=\"block-title__title\"><span>Datenbanken<\/span><\/h2>\n                                <!-- \/.block-title__title -->\n                            <\/div><!-- \/.block-title -->\n                            <br>\n                            <div class=\"services-details__image\">\n                                <img decoding=\"async\" src=\"https:\/\/ogronix.com\/wp-content\/uploads\/2021\/03\/service-data-d-1-5.jpg\" alt=\"Awesome Image\">\n                            <\/div><!-- \/.services-details__image -->\n                            <br>\n                            <p class=\"services-details__content-text\">Zuverl\u00e4ssige und leistungsstarke Datenbanken sind das R\u00fcckgrat jedes erfolgreichen Unternehmens. Sie erm\u00f6glichen die effiziente Verarbeitung und Speicherung gro\u00dfer Datenmengen und stellen sicher, dass Informationen jederzeit verf\u00fcgbar und gesch\u00fctzt sind. Wir entwickeln und implementieren L\u00f6sungen, die nicht nur stabil und sicher sind, sondern auch speziell auf die Anforderungen Ihres Unternehmens abgestimmt werden.<\/p><!-- \/.services-details__content-text -->\n                            <br>\n                            <h3 class=\"services-details__sub-title\">Optimierung und Sicherheit<\/h3><!-- \/.services-details__sub-title -->\n                            <br>\n                            <p class=\"services-details__content-text\">Unsere Datenbankl\u00f6sungen bieten Ihnen die M\u00f6glichkeit, Ihre Daten effizient zu verwalten, zu analysieren und gezielt einzusetzen. Wir arbeiten mit modernsten Technologien, um Systeme zu schaffen, die flexibel, skalierbar und sicher sind. Dabei stehen Performance und Datenschutz f\u00fcr uns an erster Stelle.<\/p><!-- \/.services-details__content-text -->\n\t\t\t\t\t\t\t\n\t\t\t\t\t\t\t                            <ul class=\"about-one__list list-unstyled\">\n\t\t\t\t\t\t\t\t                                <li class=\"about-one__list-item\">Hohe Leistung: <br>Unsere Systeme sind darauf ausgelegt, gro\u00dfe Datenmengen schnell und zuverl\u00e4ssig zu verarbeiten, um die Effizienz Ihrer Unternehmensprozesse zu maximieren.<\/li><!-- \/.about-one__list-item -->\n                                                                <li class=\"about-one__list-item\">Integration in bestehende Systeme: <br>Wir sorgen daf\u00fcr, dass unsere Datenbanken nahtlos in Ihre bestehenden IT-Systeme eingebunden werden, um einen reibungslosen \u00dcbergang und eine effektive Zusammenarbeit zwischen den Systemen zu gew\u00e4hrleisten.<\/li><!-- \/.about-one__list-item -->\n                                                                <li class=\"about-one__list-item\">Datensicherheit auf allen Ebenen: <br>Datenschutz ist eine unserer h\u00f6chsten Priorit\u00e4ten. Wir implementieren mehrschichtige Sicherheitsmechanismen, um Ihre sensiblen Daten vor unbefugtem Zugriff zu sch\u00fctzen.<\/li><!-- \/.about-one__list-item -->\n                                                            <\/ul><!-- \/.about-one__list -->\n\t\t\t\t\t\t\t                            <h3 class=\"services-details__sub-title\">Vertrauensw\u00fcrdige Partner<\/h3><!-- \/.service-details__sub-title -->\n                            <br>\n                            <p class=\"services-details__content-text\">Wir haben Erfahrung in der Zusammenarbeit mit Unternehmen aus unterschiedlichsten Branchen, von kleinen Start-ups bis hin zu gro\u00dfen internationalen Konzernen. Unser Ziel ist es, Ihnen zuverl\u00e4ssige und zukunftssichere Datenbankl\u00f6sungen anzubieten, die den individuellen Anforderungen Ihrer Branche gerecht werden.\n<br><br>\nOb Sie eine neue Datenbank erstellen, ein bestehendes System optimieren oder zus\u00e4tzliche Sicherheitsma\u00dfnahmen einf\u00fchren m\u00f6chten \u2013 wir stehen Ihnen mit unserer Expertise zur Seite. Lassen Sie uns gemeinsam eine Datenbankl\u00f6sung entwickeln, die Ihre Gesch\u00e4ftsprozesse unterst\u00fctzt und das Wachstum Ihres Unternehmens f\u00f6rdert.\n<\/p><!-- \/.services-details__content-text -->\n                            <br>\n                            <div class=\"service-details__client-block\">\n                                <div class=\"row\">\n\t\t\t\t\t\t\t\t\t                                    <div class=\"col-lg-4 col-md-6 text-center\">\n                                        <img decoding=\"async\" src=\"https:\/\/ogronix.com\/wp-content\/uploads\/2021\/03\/brand-1-5-5.png\" alt=\"Academia\">\n                                    <\/div><!-- \/.col-lg-4 -->\n                                                                    <\/div><!-- \/.row -->\n                            <\/div><!-- \/.service-details__client-block -->\n                        <\/div><!-- \/.services-details__content-block -->\n                    <\/div><!-- \/.col-xl-7 -->\n                <\/div><!-- \/.row -->\n            <\/div><!-- \/.container -->\n        <\/section><!-- \/.services-details__content -->\n\n        \t\t\t\t<\/div>\n\t\t\t\t<\/div>\n\t\t\t\t\t<\/div>\n\t\t<\/div>\n\t\t\t\t\t<\/div>\n\t\t<\/section>\n\t\t\t\t<section class=\"elementor-section elementor-top-section elementor-element elementor-element-c7ed417 elementor-section-full_width elementor-section-height-default elementor-section-height-default\" data-id=\"c7ed417\" data-element_type=\"section\">\n\t\t\t\t\t\t<div class=\"elementor-container elementor-column-gap-default\">\n\t\t\t\t\t<div class=\"elementor-column elementor-col-100 elementor-top-column elementor-element elementor-element-ce414a1\" data-id=\"ce414a1\" data-element_type=\"column\">\n\t\t\t<div class=\"elementor-widget-wrap elementor-element-populated\">\n\t\t\t\t\t\t<div class=\"elementor-element elementor-element-f443fff elementor-widget elementor-widget-intech_call_to_action_v3\" data-id=\"f443fff\" data-element_type=\"widget\" data-widget_type=\"intech_call_to_action_v3.default\">\n\t\t\t\t<div class=\"elementor-widget-container\">\n\t\t\t\t\t        \n         <section class=\"cta-two wow fadeInUp\" data-wow-duration=\"2s\">\n            <div class=\"container-fluid\">\n                <div class=\"row no-gutters\">\n                    <div class=\"col-lg-6\">\n                        <div class=\"cta-two__left\">\n                            <div class=\"cta-two__inner\">\n                                <div class=\"block-title\">\n                                    <h2 class=\"block-title__title\">Wir betreiben IT-Dienstleistungen aller Art,<br><span>die Ihren Erfolg versprechen<\/span><\/h2><!-- \/.block-title__title -->\n                                <\/div><!-- \/.block-title -->\n\t\t\t\t\t\t\t\t                                <a href=\"http:\/\/ogronix.com\/index.php\/contact\/\" class=\"thm-btn cta-two__btn\"> Kontaktieren Sie uns<\/a><!-- \/.thm-btn -->\n\t\t\t\t\t\t\t\t                            <\/div><!-- \/.cta-two__inner -->\n                        <\/div><!-- \/.cta-two__left -->\n                    <\/div><!-- \/.col-lg-6 -->\n                    <div class=\"col-lg-6\">\n                        <div class=\"cta-two__right\">\n                            <div class=\"cta-two__inner\">\n                                <div class=\"block-title\">\n                                    <h2 class=\"block-title__title\">Nehmen Sie Kontakt mit unseren IT-Mitarbeitern auf.  \n\n <li>Schreiben Sie uns? <\/li>\n<\/ul><\/h2><!-- \/.block-title__title -->\n                                <\/div><!-- \/.block-title -->\n                                <p class=\"cta-two__phone\"><a href=\"tel:x\">info@ogronix.com<\/a><\/p>\n                                <!-- \/.cta-two__phone -->\n                            <\/div><!-- \/.cta-two__inner -->\n                        <\/div><!-- \/.cta-two__right -->\n                    <\/div><!-- \/.col-lg-6 -->\n                <\/div><!-- \/.row no-gutters -->\n            <\/div><!-- \/.container-fluid -->\n        <\/section><!-- \/.cta-two -->\n\n        \t\t\t\t<\/div>\n\t\t\t\t<\/div>\n\t\t\t\t\t<\/div>\n\t\t<\/div>\n\t\t\t\t\t<\/div>\n\t\t<\/section>\n\t\t\t\t<\/div>\n\t\t","protected":false},"excerpt":{"rendered":"<p>Type of Services Komplexe L\u00f6sungen Webseitenentwicklung TV-Anwendungen Datenbanken Systeml\u00f6sungen Datenbanken Zuverl\u00e4ssige und leistungsstarke Datenbanken sind das R\u00fcckgrat jedes erfolgreichen Unternehmens. Sie erm\u00f6glichen die effiziente Verarbeitung und Speicherung gro\u00dfer Datenmengen und stellen sicher, dass Informationen jederzeit verf\u00fcgbar und gesch\u00fctzt sind. Wir entwickeln und implementieren L\u00f6sungen, die nicht nur stabil und sicher sind, sondern auch speziell auf [&hellip;]<\/p>\n","protected":false},"author":1,"featured_media":0,"parent":0,"menu_order":0,"comment_status":"closed","ping_status":"closed","template":"tpl-default-elementor.php","meta":{"footnotes":""},"class_list":["post-459","page","type-page","status-publish","hentry"],"_links":{"self":[{"href":"https:\/\/ogronix.com\/index.php\/wp-json\/wp\/v2\/pages\/459","targetHints":{"allow":["GET"]}}],"collection":[{"href":"https:\/\/ogronix.com\/index.php\/wp-json\/wp\/v2\/pages"}],"about":[{"href":"https:\/\/ogronix.com\/index.php\/wp-json\/wp\/v2\/types\/page"}],"author":[{"embeddable":true,"href":"https:\/\/ogronix.com\/index.php\/wp-json\/wp\/v2\/users\/1"}],"replies":[{"embeddable":true,"href":"https:\/\/ogronix.com\/index.php\/wp-json\/wp\/v2\/comments?post=459"}],"version-history":[{"count":31,"href":"https:\/\/ogronix.com\/index.php\/wp-json\/wp\/v2\/pages\/459\/revisions"}],"predecessor-version":[{"id":1776,"href":"https:\/\/ogronix.com\/index.php\/wp-json\/wp\/v2\/pages\/459\/revisions\/1776"}],"wp:attachment":[{"href":"https:\/\/ogronix.com\/index.php\/wp-json\/wp\/v2\/media?parent=459"}],"curies":[{"name":"wp","href":"https:\/\/api.w.org\/{rel}","templated":true}]}}