{"id":458,"date":"2021-03-13T17:47:21","date_gmt":"2021-03-13T17:47:21","guid":{"rendered":"http:\/\/el.commonsupport.com\/newwp\/intech\/?page_id=458"},"modified":"2026-01-02T14:02:57","modified_gmt":"2026-01-02T13:02:57","slug":"it-consultancy","status":"publish","type":"page","link":"https:\/\/ogronix.com\/index.php\/it-consultancy\/","title":{"rendered":"Mobile Anwendungen"},"content":{"rendered":"\t\t<div data-elementor-type=\"wp-page\" data-elementor-id=\"458\" class=\"elementor elementor-458\">\n\t\t\t\t\t\t<section class=\"elementor-section elementor-top-section elementor-element elementor-element-af04681 elementor-section-full_width elementor-section-height-default elementor-section-height-default\" data-id=\"af04681\" data-element_type=\"section\">\n\t\t\t\t\t\t<div class=\"elementor-container elementor-column-gap-default\">\n\t\t\t\t\t<div class=\"elementor-column elementor-col-100 elementor-top-column elementor-element elementor-element-9f94912\" data-id=\"9f94912\" data-element_type=\"column\">\n\t\t\t<div class=\"elementor-widget-wrap\">\n\t\t\t\t\t\t\t<\/div>\n\t\t<\/div>\n\t\t\t\t\t<\/div>\n\t\t<\/section>\n\t\t\t\t<section class=\"elementor-section elementor-top-section elementor-element elementor-element-1cabfeb elementor-section-full_width elementor-section-height-default elementor-section-height-default\" data-id=\"1cabfeb\" data-element_type=\"section\">\n\t\t\t\t\t\t<div class=\"elementor-container elementor-column-gap-default\">\n\t\t\t\t\t<div class=\"elementor-column elementor-col-100 elementor-top-column elementor-element elementor-element-b6d5956\" data-id=\"b6d5956\" data-element_type=\"column\">\n\t\t\t<div class=\"elementor-widget-wrap elementor-element-populated\">\n\t\t\t\t\t\t<div class=\"elementor-element elementor-element-e5f8d36 elementor-widget elementor-widget-intech_service_details\" data-id=\"e5f8d36\" data-element_type=\"widget\" data-widget_type=\"intech_service_details.default\">\n\t\t\t\t<div class=\"elementor-widget-container\">\n\t\t\t\t\t        \n        <section class=\"services-details__content\">\n            <div class=\"container\">\n                <div class=\"row justify-content-between\">\n                    <div class=\"col-xl-4 col-lg-4\">\n                        <div class=\"services-details__content-info\">\n                            <div id=\"nav_menu-6\" class=\"services-widget widget_nav_menu\"><h3 class=\"services-details__content-info-title\">Type of Services<\/h3><div class=\"menu-dienstleistungen-container\"><ul id=\"menu-dienstleistungen\" class=\"menu\"><li id=\"menu-item-1017\" class=\"menu-item menu-item-type-post_type menu-item-object-page menu-item-1017\"><a href=\"https:\/\/ogronix.com\/index.php\/multi-function-services\/\">Komplexe L\u00f6sungen<\/a><\/li>\n<li id=\"menu-item-1018\" class=\"menu-item menu-item-type-post_type menu-item-object-page menu-item-1018\"><a href=\"https:\/\/ogronix.com\/index.php\/managed-it-services\/\">Webseitenentwicklung<\/a><\/li>\n<li id=\"menu-item-1019\" class=\"menu-item menu-item-type-post_type menu-item-object-page menu-item-1019\"><a href=\"https:\/\/ogronix.com\/index.php\/cyber-security\/\">TV-Anwendungen<\/a><\/li>\n<li id=\"menu-item-1020\" class=\"menu-item menu-item-type-post_type menu-item-object-page menu-item-1020\"><a href=\"https:\/\/ogronix.com\/index.php\/data-management\/\">Datenbanken<\/a><\/li>\n<li id=\"menu-item-1021\" class=\"menu-item menu-item-type-post_type menu-item-object-page menu-item-1021\"><a href=\"https:\/\/ogronix.com\/index.php\/cloud-computing\/\">Systeml\u00f6sungen<\/a><\/li>\n<\/ul><\/div><\/div>                        <\/div><!-- \/.services-details__content-info -->\n                    <\/div><!-- \/.col-xl-4 -->\n\t\t\t\t\t\n                    <div class=\"col-xl-7 col-lg-8\">\n                        <div class=\"services-details__content-block\">\n                            <div class=\"block-title\">\n                                <h2 class=\"block-title__title\"><span>Mobile Anwendungen<\/span><\/h2>\n                                <!-- \/.block-title__title -->\n                            <\/div><!-- \/.block-title -->\n                            <br>\n                            <div class=\"services-details__image\">\n                                <img decoding=\"async\" src=\"https:\/\/ogronix.com\/wp-content\/uploads\/2021\/03\/service-d-1-5.jpg\" alt=\"Awesome Image\">\n                            <\/div><!-- \/.services-details__image -->\n                            <br>\n                            <p class=\"services-details__content-text\">Wir entwickeln innovative mobile Anwendungen, die Ihrem Unternehmen helfen, n\u00e4her an Ihren Kunden zu sein und deren Benutzererfahrung nachhaltig zu verbessern. Mit ma\u00dfgeschneiderten L\u00f6sungen schaffen wir Apps, die nicht nur funktional, sondern auch einpr\u00e4gsam sind.<\/p><!-- \/.services-details__content-text -->\n                            <br>\n                            <h3 class=\"services-details__sub-title\">Zug\u00e4nglichkeit auf Knopfdruck<\/h3><!-- \/.services-details__sub-title -->\n                            <br>\n                            <p class=\"services-details__content-text\">Ihre App wird mehr als nur ein Werkzeug \u2013 sie wird ein entscheidender Faktor f\u00fcr die Kundenbindung und die Optimierung Ihrer Gesch\u00e4ftsprozesse. Mit intuitiven, schnellen und zuverl\u00e4ssigen Anwendungen setzen wir neue Ma\u00dfst\u00e4be f\u00fcr Mobilit\u00e4t und Flexibilit\u00e4t.<\/p><!-- \/.services-details__content-text -->\n\t\t\t\t\t\t\t\n\t\t\t\t\t\t\t                            <ul class=\"about-one__list list-unstyled\">\n\t\t\t\t\t\t\t\t                                <li class=\"about-one__list-item\">Plattform\u00fcbergreifende L\u00f6sungen: <br>Unsere Apps funktionieren nahtlos auf verschiedenen Plattformen wie iOS und Android, sodass Sie ein breiteres Publikum erreichen und die Entwicklungszeit effizient nutzen k\u00f6nnen.<\/li><!-- \/.about-one__list-item -->\n                                                                <li class=\"about-one__list-item\">Hohe Leistung: <br>Schnelligkeit und Stabilit\u00e4t stehen bei uns im Fokus. Wir entwickeln Anwendungen, die selbst bei hoher Belastung eine hervorragende Performance liefern.<\/li><!-- \/.about-one__list-item -->\n                                                                <li class=\"about-one__list-item\">Einzigartiges Design: <br>Wir legen besonderen Wert auf ein modernes und benutzerfreundliches Design, das Ihr Unternehmen widerspiegelt und Ihre Kunden begeistert.<\/li><!-- \/.about-one__list-item -->\n                                                            <\/ul><!-- \/.about-one__list -->\n\t\t\t\t\t\t\t                            <h3 class=\"services-details__sub-title\">Innovation in Ihren H\u00e4nden<\/h3><!-- \/.service-details__sub-title -->\n                            <br>\n                            <p class=\"services-details__content-text\">Wir sorgen daf\u00fcr, dass Ihre mobile Anwendung nicht nur ein n\u00fctzliches Werkzeug ist, sondern auch ein zentraler Bestandteil Ihrer Strategie zur Kundenbindung und Gesch\u00e4ftsentwicklung. Lassen Sie uns gemeinsam die digitale Zukunft Ihres Unternehmens gestalten.<\/p><!-- \/.services-details__content-text -->\n                            <br>\n                            <div class=\"service-details__client-block\">\n                                <div class=\"row\">\n\t\t\t\t\t\t\t\t\t                                    <div class=\"col-lg-4 col-md-6 text-center\">\n                                        <img decoding=\"async\" src=\"https:\/\/ogronix.com\/wp-content\/uploads\/2021\/03\/brand-1-5-5.png\" alt=\"Academia\">\n                                    <\/div><!-- \/.col-lg-4 -->\n                                                                    <\/div><!-- \/.row -->\n                            <\/div><!-- \/.service-details__client-block -->\n                        <\/div><!-- \/.services-details__content-block -->\n                    <\/div><!-- \/.col-xl-7 -->\n                <\/div><!-- \/.row -->\n            <\/div><!-- \/.container -->\n        <\/section><!-- \/.services-details__content -->\n\n        \t\t\t\t<\/div>\n\t\t\t\t<\/div>\n\t\t\t\t\t<\/div>\n\t\t<\/div>\n\t\t\t\t\t<\/div>\n\t\t<\/section>\n\t\t\t\t<section class=\"elementor-section elementor-top-section elementor-element elementor-element-c7ed417 elementor-section-full_width elementor-section-height-default elementor-section-height-default\" data-id=\"c7ed417\" data-element_type=\"section\">\n\t\t\t\t\t\t<div class=\"elementor-container elementor-column-gap-default\">\n\t\t\t\t\t<div class=\"elementor-column elementor-col-100 elementor-top-column elementor-element elementor-element-ce414a1\" data-id=\"ce414a1\" data-element_type=\"column\">\n\t\t\t<div class=\"elementor-widget-wrap elementor-element-populated\">\n\t\t\t\t\t\t<div class=\"elementor-element elementor-element-f443fff elementor-widget elementor-widget-intech_call_to_action_v3\" data-id=\"f443fff\" data-element_type=\"widget\" data-widget_type=\"intech_call_to_action_v3.default\">\n\t\t\t\t<div class=\"elementor-widget-container\">\n\t\t\t\t\t        \n         <section class=\"cta-two wow fadeInUp\" data-wow-duration=\"2s\">\n            <div class=\"container-fluid\">\n                <div class=\"row no-gutters\">\n                    <div class=\"col-lg-6\">\n                        <div class=\"cta-two__left\">\n                            <div class=\"cta-two__inner\">\n                                <div class=\"block-title\">\n                                    <h2 class=\"block-title__title\">Wir betreiben IT-Dienstleistungen aller Art,<br><span>die Ihren Erfolg versprechen<\/span><\/h2><!-- \/.block-title__title -->\n                                <\/div><!-- \/.block-title -->\n\t\t\t\t\t\t\t\t                                <a href=\"http:\/\/ogronix.com\/index.php\/contact\/\" class=\"thm-btn cta-two__btn\"> Kontaktieren Sie uns<\/a><!-- \/.thm-btn -->\n\t\t\t\t\t\t\t\t                            <\/div><!-- \/.cta-two__inner -->\n                        <\/div><!-- \/.cta-two__left -->\n                    <\/div><!-- \/.col-lg-6 -->\n                    <div class=\"col-lg-6\">\n                        <div class=\"cta-two__right\">\n                            <div class=\"cta-two__inner\">\n                                <div class=\"block-title\">\n                                    <h2 class=\"block-title__title\">Nehmen Sie Kontakt mit unseren IT-Mitarbeitern auf.  \n\n <li>Schreiben Sie uns? <\/li>\n<\/ul><\/h2><!-- \/.block-title__title -->\n                                <\/div><!-- \/.block-title -->\n                                <p class=\"cta-two__phone\"><a href=\"tel:x\">info@ogronix.com<\/a><\/p>\n                                <!-- \/.cta-two__phone -->\n                            <\/div><!-- \/.cta-two__inner -->\n                        <\/div><!-- \/.cta-two__right -->\n                    <\/div><!-- \/.col-lg-6 -->\n                <\/div><!-- \/.row no-gutters -->\n            <\/div><!-- \/.container-fluid -->\n        <\/section><!-- \/.cta-two -->\n\n        \t\t\t\t<\/div>\n\t\t\t\t<\/div>\n\t\t\t\t\t<\/div>\n\t\t<\/div>\n\t\t\t\t\t<\/div>\n\t\t<\/section>\n\t\t\t\t<\/div>\n\t\t","protected":false},"excerpt":{"rendered":"<p>Type of Services Komplexe L\u00f6sungen Webseitenentwicklung TV-Anwendungen Datenbanken Systeml\u00f6sungen Mobile Anwendungen Wir entwickeln innovative mobile Anwendungen, die Ihrem Unternehmen helfen, n\u00e4her an Ihren Kunden zu sein und deren Benutzererfahrung nachhaltig zu verbessern. Mit ma\u00dfgeschneiderten L\u00f6sungen schaffen wir Apps, die nicht nur funktional, sondern auch einpr\u00e4gsam sind. Zug\u00e4nglichkeit auf Knopfdruck Ihre App wird mehr als nur [&hellip;]<\/p>\n","protected":false},"author":1,"featured_media":0,"parent":0,"menu_order":0,"comment_status":"closed","ping_status":"closed","template":"tpl-default-elementor.php","meta":{"footnotes":""},"class_list":["post-458","page","type-page","status-publish","hentry"],"_links":{"self":[{"href":"https:\/\/ogronix.com\/index.php\/wp-json\/wp\/v2\/pages\/458","targetHints":{"allow":["GET"]}}],"collection":[{"href":"https:\/\/ogronix.com\/index.php\/wp-json\/wp\/v2\/pages"}],"about":[{"href":"https:\/\/ogronix.com\/index.php\/wp-json\/wp\/v2\/types\/page"}],"author":[{"embeddable":true,"href":"https:\/\/ogronix.com\/index.php\/wp-json\/wp\/v2\/users\/1"}],"replies":[{"embeddable":true,"href":"https:\/\/ogronix.com\/index.php\/wp-json\/wp\/v2\/comments?post=458"}],"version-history":[{"count":34,"href":"https:\/\/ogronix.com\/index.php\/wp-json\/wp\/v2\/pages\/458\/revisions"}],"predecessor-version":[{"id":1791,"href":"https:\/\/ogronix.com\/index.php\/wp-json\/wp\/v2\/pages\/458\/revisions\/1791"}],"wp:attachment":[{"href":"https:\/\/ogronix.com\/index.php\/wp-json\/wp\/v2\/media?parent=458"}],"curies":[{"name":"wp","href":"https:\/\/api.w.org\/{rel}","templated":true}]}}