{"id":417,"date":"2021-03-13T17:22:45","date_gmt":"2021-03-13T17:22:45","guid":{"rendered":"http:\/\/el.commonsupport.com\/newwp\/intech\/?page_id=417"},"modified":"2026-01-02T14:02:29","modified_gmt":"2026-01-02T13:02:29","slug":"services","status":"publish","type":"page","link":"https:\/\/ogronix.com\/index.php\/services\/","title":{"rendered":"Dienstleistungen"},"content":{"rendered":"\t\t<div data-elementor-type=\"wp-page\" data-elementor-id=\"417\" class=\"elementor elementor-417\">\n\t\t\t\t\t\t<section class=\"elementor-section elementor-top-section elementor-element elementor-element-2edd560 elementor-section-full_width elementor-section-height-default elementor-section-height-default\" data-id=\"2edd560\" data-element_type=\"section\">\n\t\t\t\t\t\t<div class=\"elementor-container elementor-column-gap-default\">\n\t\t\t\t\t<div class=\"elementor-column elementor-col-100 elementor-top-column elementor-element elementor-element-24b1a38\" data-id=\"24b1a38\" data-element_type=\"column\">\n\t\t\t<div class=\"elementor-widget-wrap elementor-element-populated\">\n\t\t\t\t\t\t<div class=\"elementor-element elementor-element-0c9bc11 elementor-widget elementor-widget-intech_services_v1\" data-id=\"0c9bc11\" data-element_type=\"widget\" data-widget_type=\"intech_services_v1.default\">\n\t\t\t\t<div class=\"elementor-widget-container\">\n\t\t\t\t\t        \n        <section class=\"service-one  service-one__service-page\">\n            <div class=\"container\">\n                <hr class=\"style-one\">\n                <div class=\"block-title text-center\">\n                    <h2 class=\"block-title__title\">\n<br><span>Effiziente Schritte zur Zusammenarbeit<\/span><\/h2>\n                <\/div><!-- \/.block-title -->\n                <div class=\"row\">\n                                        <div class=\"col-lg-4 wow fadeInUp\" data-wow-duration=\"1500ms\" data-wow-delay=\"500ms\">\n                        <div class=\"service-one__single hvr-bounce-to-bottom\">\n                            <div class=\"service-one__icon\">\n\t\t\t\t\t\t\t\t\n\t\t\t\t\t\t\t\t                            \t<span class=\"icon flaticon-system\"><\/span>\n                            <\/div><!-- \/.service-one__icon -->\n                            <h3 class=\"service-one__title\"><a href=\"http:\/\/el.commonsupport.com\/newwp\/intech\/managed-it-services\/\">1) Anfrage ausf\u00fcllen und absenden<\/a><\/h3>\n                            <!-- \/.service-one__title -->\n                            <p class=\"service-one__text\">F\u00fcllen Sie unser Online-Formular aus und senden Sie es an uns, damit wir alle notwendigen Informationen \u00fcber Ihre Anforderungen erhalten.<\/p><!-- \/.service-one__text -->\n                            <a href=\"http:\/\/el.commonsupport.com\/newwp\/intech\/managed-it-services\/\" class=\"service-one__link\"><i class=\"fa fa-angle-right\"><\/i>\n                                <!-- \/.fa fa-angle-right --><\/a><!-- \/.service-one__link -->\n                        <\/div><!-- \/.service-one__single -->\n                    <\/div><!-- \/.col-lg-4 -->\n                                        <div class=\"col-lg-4 wow fadeInUp\" data-wow-duration=\"1500ms\" data-wow-delay=\"500ms\">\n                        <div class=\"service-one__single hvr-bounce-to-bottom\">\n                            <div class=\"service-one__icon\">\n\t\t\t\t\t\t\t\t\n\t\t\t\t\t\t\t\t                            \t<span class=\"icon flaticon-career-3\"><\/span>\n                            <\/div><!-- \/.service-one__icon -->\n                            <h3 class=\"service-one__title\"><a href=\"http:\/\/el.commonsupport.com\/newwp\/intech\/multi-function-services\/\">2) Beratung und individuelles Angebot<\/a><\/h3>\n                            <!-- \/.service-one__title -->\n                            <p class=\"service-one__text\">Wir kontaktieren Sie, analysieren Ihr Unternehmen und Ihre Bed\u00fcrfnisse und erstellen ein ma\u00dfgeschneidertes Angebot f\u00fcr Ihre Anforderungen.<\/p><!-- \/.service-one__text -->\n                            <a href=\"http:\/\/el.commonsupport.com\/newwp\/intech\/multi-function-services\/\" class=\"service-one__link\"><i class=\"fa fa-angle-right\"><\/i>\n                                <!-- \/.fa fa-angle-right --><\/a><!-- \/.service-one__link -->\n                        <\/div><!-- \/.service-one__single -->\n                    <\/div><!-- \/.col-lg-4 -->\n                                        <div class=\"col-lg-4 wow fadeInUp\" data-wow-duration=\"1500ms\" data-wow-delay=\"500ms\">\n                        <div class=\"service-one__single hvr-bounce-to-bottom\">\n                            <div class=\"service-one__icon\">\n\t\t\t\t\t\t\t\t\n\t\t\t\t\t\t\t\t                            \t<span class=\"icon flaticon-gear-1\"><\/span>\n                            <\/div><!-- \/.service-one__icon -->\n                            <h3 class=\"service-one__title\"><a href=\"http:\/\/el.commonsupport.com\/newwp\/intech\/cyber-security\/\">3) Vertragsabschluss und Projektstart<\/a><\/h3>\n                            <!-- \/.service-one__title -->\n                            <p class=\"service-one__text\">Nach Zustimmung zu unserem Angebot unterzeichnen wir die Vereinbarung und starten sofort mit der Umsetzung Ihres Projekts.<\/p><!-- \/.service-one__text -->\n                            <a href=\"http:\/\/el.commonsupport.com\/newwp\/intech\/cyber-security\/\" class=\"service-one__link\"><i class=\"fa fa-angle-right\"><\/i>\n                                <!-- \/.fa fa-angle-right --><\/a><!-- \/.service-one__link -->\n                        <\/div><!-- \/.service-one__single -->\n                    <\/div><!-- \/.col-lg-4 -->\n                                    <\/div><!-- \/.row -->\n            <\/div><!-- \/.container -->\n        <\/section><!-- \/.service-one -->\n\n        \t\t\t\t<\/div>\n\t\t\t\t<\/div>\n\t\t\t\t\t<\/div>\n\t\t<\/div>\n\t\t\t\t\t<\/div>\n\t\t<\/section>\n\t\t<div class=\"elementor-element elementor-element-e51209e e-flex e-con-boxed e-con e-parent\" data-id=\"e51209e\" data-element_type=\"container\">\n\t\t\t\t\t<div class=\"e-con-inner\">\n\t\t\t\t<div class=\"elementor-element elementor-element-4c13a06 elementor-widget elementor-widget-intech_call_to_action_v1\" data-id=\"4c13a06\" data-element_type=\"widget\" data-widget_type=\"intech_call_to_action_v1.default\">\n\t\t\t\t<div class=\"elementor-widget-container\">\n\t\t\t\t\t        \n        <section class=\"cta-one\">\n            <div class=\"container text-center\">\n                <h3 class=\"cta-one__title\">Nehmen Sie Kontakt mit unseren IT-Mitarbeitern auf. <br>Schreiben Sie uns?<\/h3><!-- \/.cta-one__title -->\n                <p class=\"cta-one__phone\"><a href=\"tel:x\">info@ogronix.com<\/a><\/p><!-- \/.cta-one__phone -->\n            <\/div><!-- \/.container -->\n        <\/section><!-- \/.cta-one -->\n\n        \t\t\t\t<\/div>\n\t\t\t\t<\/div>\n\t\t\t\t\t<\/div>\n\t\t\t\t<\/div>\n\t\t\t\t<\/div>\n\t\t","protected":false},"excerpt":{"rendered":"<p>Effiziente Schritte zur Zusammenarbeit 1) Anfrage ausf\u00fcllen und absenden F\u00fcllen Sie unser Online-Formular aus und senden Sie es an uns, damit wir alle notwendigen Informationen \u00fcber Ihre Anforderungen erhalten. 2) Beratung und individuelles Angebot Wir kontaktieren Sie, analysieren Ihr Unternehmen und Ihre Bed\u00fcrfnisse und erstellen ein ma\u00dfgeschneidertes Angebot f\u00fcr Ihre Anforderungen. 3) Vertragsabschluss und Projektstart [&hellip;]<\/p>\n","protected":false},"author":1,"featured_media":0,"parent":0,"menu_order":0,"comment_status":"closed","ping_status":"closed","template":"tpl-default-elementor.php","meta":{"footnotes":""},"class_list":["post-417","page","type-page","status-publish","hentry"],"_links":{"self":[{"href":"https:\/\/ogronix.com\/index.php\/wp-json\/wp\/v2\/pages\/417","targetHints":{"allow":["GET"]}}],"collection":[{"href":"https:\/\/ogronix.com\/index.php\/wp-json\/wp\/v2\/pages"}],"about":[{"href":"https:\/\/ogronix.com\/index.php\/wp-json\/wp\/v2\/types\/page"}],"author":[{"embeddable":true,"href":"https:\/\/ogronix.com\/index.php\/wp-json\/wp\/v2\/users\/1"}],"replies":[{"embeddable":true,"href":"https:\/\/ogronix.com\/index.php\/wp-json\/wp\/v2\/comments?post=417"}],"version-history":[{"count":34,"href":"https:\/\/ogronix.com\/index.php\/wp-json\/wp\/v2\/pages\/417\/revisions"}],"predecessor-version":[{"id":1785,"href":"https:\/\/ogronix.com\/index.php\/wp-json\/wp\/v2\/pages\/417\/revisions\/1785"}],"wp:attachment":[{"href":"https:\/\/ogronix.com\/index.php\/wp-json\/wp\/v2\/media?parent=417"}],"curies":[{"name":"wp","href":"https:\/\/api.w.org\/{rel}","templated":true}]}}