{"id":380,"date":"2021-03-13T16:21:18","date_gmt":"2021-03-13T16:21:18","guid":{"rendered":"http:\/\/el.commonsupport.com\/newwp\/intech\/?page_id=380"},"modified":"2026-01-02T14:02:11","modified_gmt":"2026-01-02T13:02:11","slug":"about-one","status":"publish","type":"page","link":"https:\/\/ogronix.com\/index.php\/about-one\/","title":{"rendered":"\u00dcber uns"},"content":{"rendered":"\t\t<div data-elementor-type=\"wp-page\" data-elementor-id=\"380\" class=\"elementor elementor-380\">\n\t\t\t\t\t\t<section class=\"elementor-section elementor-top-section elementor-element elementor-element-2072895 elementor-section-full_width elementor-section-height-default elementor-section-height-default\" data-id=\"2072895\" data-element_type=\"section\">\n\t\t\t\t\t\t<div class=\"elementor-container elementor-column-gap-default\">\n\t\t\t\t\t<div class=\"elementor-column elementor-col-100 elementor-top-column elementor-element elementor-element-067d6af\" data-id=\"067d6af\" data-element_type=\"column\">\n\t\t\t<div class=\"elementor-widget-wrap elementor-element-populated\">\n\t\t\t\t\t\t<div class=\"elementor-element elementor-element-a99a4ab elementor-widget elementor-widget-intech_about_us_v2\" data-id=\"a99a4ab\" data-element_type=\"widget\" data-widget_type=\"intech_about_us_v2.default\">\n\t\t\t\t<div class=\"elementor-widget-container\">\n\t\t\t\t\t        \n        <section class=\"about-two\">\n            <div class=\"container\">\n                <div class=\"row\">\n                    <div class=\"col-lg-6\">\n                        <div class=\"about-two__content\">\n                            <div class=\"block-title\">\n                                <h3 class=\"block-title__title\">Beste IT-L\u00f6sungsunternehmen <br><span>in der N\u00e4he der Welt<\/span><\/h3><!-- \/.block-title__title -->\n                                <p class=\"block-title__text\"><\/p>\n                                <!-- \/.block-title__text -->\n                            <\/div><!-- \/.block-title -->\n                            <div class=\"about-two__tab-block\">\n                                <ul class=\"nav nav-tabs about-two__tab-title\" role=\"tablist\">\n\t\t\t\t\t\t\t\t\t                                    <li class=\"nav-item about-two__tab-title-item\">\n                                        <a class=\"nav-link about-two__tab-title-link active\" href=\"#tab-1\" role=\"tab\" data-toggle=\"tab\">\u00dcber uns<\/a>\n                                    <\/li>\n\t\t\t\t\t\t\t\t\t                                    <li class=\"nav-item about-two__tab-title-item\">\n                                        <a class=\"nav-link about-two__tab-title-link \" href=\"#tab-2\" role=\"tab\" data-toggle=\"tab\">Unsere Mission<\/a>\n                                    <\/li>\n\t\t\t\t\t\t\t\t\t                                    <li class=\"nav-item about-two__tab-title-item\">\n                                        <a class=\"nav-link about-two__tab-title-link \" href=\"#tab-3\" role=\"tab\" data-toggle=\"tab\">Unsere Werte<\/a>\n                                    <\/li>\n\t\t\t\t\t\t\t\t\t                                <\/ul>\n                                <div class=\"about-two__tab-content tab-content\">\n\t\t\t\t\t\t\t\t\t                                    <div role=\"tabpanel\" class=\"tab-pane show active animated fadeInUp\" id=\"tab-1\">\n                                        <div class=\"about-two__content\">\n                                            <p class=\"about-two__text\">Unser Unternehmen bietet individuelle IT-L\u00f6sungen, die auf die spezifischen Bed\u00fcrfnisse jedes Kunden zugeschnitten sind. Unser Ansatz basiert darauf, Ihr Gesch\u00e4ft bis ins Detail zu verstehen, um innovative und effektive L\u00f6sungen zu entwickeln, die echten Mehrwert schaffen.<\/p>\n\t\t\t\t\t\t\t\t\t\t\t\n\t\t\t\t\t\t\t\t\t\t\t                                            <ul class=\"about-two__list list-unstyled\">\n                                                \t\t\t\t\t\t\t\t\t\t\t\t<li class=\"about-two__list-item\">Schritt 1: Verst\u00e4ndnis der Gesch\u00e4ftsprozesse \u2013 Wir analysieren Ihre Abl\u00e4ufe, um Ihre Produkte, Dienstleistungen und Herausforderungen vollst\u00e4ndig zu verstehen.<\/li><!-- \/.about-two__list-item -->\n\t\t\t\t\t\t\t\t\t\t\t\t\t\t\t\t\t\t\t\t\t\t\t\t<li class=\"about-two__list-item\">Schritt 2: Entwicklung ma\u00dfgeschneiderter Strategien \u2013 Auf Grundlage der Analyse entwerfen wir individuelle L\u00f6sungen, die genau zu Ihren Anforderungen und Zielen passen.<\/li><!-- \/.about-two__list-item -->\n\t\t\t\t\t\t\t\t\t\t\t\t\t\t\t\t\t\t\t\t\t\t\t\t<li class=\"about-two__list-item\">Schritt 3: Implementierung der L\u00f6sungen \u2013 Wir setzen die geplanten Ma\u00dfnahmen nahtlos um, integrieren sie in Ihre Prozesse und stellen sicher, dass alles reibungslos funktioniert.<\/li><!-- \/.about-two__list-item -->\n\t\t\t\t\t\t\t\t\t\t\t\t                                            <\/ul><!-- \/.about-two__list -->\n\t\t\t\t\t\t\t\t\t\t\t\t\t\t\t\t\t\t\t\t\t\t\n\t\t\t\t\t\t\t\t\t\t\t                                        <\/div><!-- \/.about-two__content -->\n                                    <\/div><!-- \/.tab-pane -->\n\t\t\t\t\t\t\t\t\t                                    <div role=\"tabpanel\" class=\"tab-pane  animated fadeInUp\" id=\"tab-2\">\n                                        <div class=\"about-two__content\">\n                                            <p class=\"about-two__text\">Unsere Mission ist es, Unternehmen bei ihrer digitalen Transformation zu unterst\u00fctzen und ihnen innovative Werkzeuge an die Hand zu geben, mit denen sie effizienter, flexibler und zukunftsf\u00e4higer werden. Wir sind \u00fcberzeugt, dass die Digitalisierung nicht nur technische Prozesse verbessert, sondern auch neue Chancen f\u00fcr Wachstum und Erfolg schafft. Durch unsere L\u00f6sungen helfen wir unseren Kunden, komplexe Herausforderungen zu meistern, ihre Gesch\u00e4ftsprozesse zu optimieren und nachhaltige Wettbewerbsvorteile zu erzielen. Mit Leidenschaft f\u00fcr Technologie und einem klaren Fokus auf Ergebnisse setzen wir neue Ma\u00dfst\u00e4be in der IT-Branche.<\/p>\n\t\t\t\t\t\t\t\t\t\t\t\n\t\t\t\t\t\t\t\t\t\t\t                                            <ul class=\"about-two__list list-unstyled\">\n                                                \t\t\t\t\t\t\t\t\t\t\t\t<li class=\"about-two__list-item\">F\u00f6rderung der digitalen Transformation in allen Branchen<\/li><!-- \/.about-two__list-item -->\n\t\t\t\t\t\t\t\t\t\t\t\t\t\t\t\t\t\t\t\t\t\t\t\t<li class=\"about-two__list-item\">Entwicklung zukunftssicherer IT-Strategien<\/li><!-- \/.about-two__list-item -->\n\t\t\t\t\t\t\t\t\t\t\t\t\t\t\t\t\t\t\t\t\t\t\t\t<li class=\"about-two__list-item\">Unterst\u00fctzung f\u00fcr nachhaltiges Unternehmenswachstum<\/li><!-- \/.about-two__list-item -->\n\t\t\t\t\t\t\t\t\t\t\t\t                                            <\/ul><!-- \/.about-two__list -->\n\t\t\t\t\t\t\t\t\t\t\t\t\t\t\t\t\t\t\t\t\t\t\n\t\t\t\t\t\t\t\t\t\t\t                                            <a href=\"http:\/\/el.commonsupport.com\/newwp\/intech\/about-two\/\" class=\"thm-btn about-two__btn\">Mehr lesen<\/a>\n\t\t\t\t\t\t\t\t\t\t\t                                        <\/div><!-- \/.about-two__content -->\n                                    <\/div><!-- \/.tab-pane -->\n\t\t\t\t\t\t\t\t\t                                    <div role=\"tabpanel\" class=\"tab-pane  animated fadeInUp\" id=\"tab-3\">\n                                        <div class=\"about-two__content\">\n                                            <p class=\"about-two__text\">Unsere Arbeit basiert auf klar definierten Werten, die unser Handeln und unsere Zusammenarbeit mit Kunden und Partnern bestimmen. Integrit\u00e4t bedeutet f\u00fcr uns, dass wir transparent und zuverl\u00e4ssig arbeiten \u2013 eine Grundlage, auf der Vertrauen entsteht. Qualit\u00e4t steht im Mittelpunkt all unserer Dienstleistungen: Wir setzen alles daran, h\u00f6chste Standards zu erf\u00fcllen und unseren Kunden langfristigen Mehrwert zu bieten. Innovation ist der Treiber unseres Handelns. Wir suchen stets nach neuen Wegen und Technologien, um noch bessere L\u00f6sungen zu schaffen. Diese Werte machen uns zu einem verl\u00e4sslichen Partner f\u00fcr Unternehmen, die auf der Suche nach echten IT-L\u00f6sungen sind.<\/p>\n\t\t\t\t\t\t\t\t\t\t\t\n\t\t\t\t\t\t\t\t\t\t\t                                            <ul class=\"about-two__list list-unstyled\">\n                                                \t\t\t\t\t\t\t\t\t\t\t\t<li class=\"about-two__list-item\">Transparenz und Vertrauen in jeder Zusammenarbeit<\/li><!-- \/.about-two__list-item -->\n\t\t\t\t\t\t\t\t\t\t\t\t\t\t\t\t\t\t\t\t\t\t\t\t<li class=\"about-two__list-item\">Streben nach h\u00f6chster Qualit\u00e4t in allen Projekten<\/li><!-- \/.about-two__list-item -->\n\t\t\t\t\t\t\t\t\t\t\t\t\t\t\t\t\t\t\t\t\t\t\t\t<li class=\"about-two__list-item\">Kreative und innovative Ans\u00e4tze f\u00fcr IT-L\u00f6sungen<\/li><!-- \/.about-two__list-item -->\n\t\t\t\t\t\t\t\t\t\t\t\t                                            <\/ul><!-- \/.about-two__list -->\n\t\t\t\t\t\t\t\t\t\t\t\t\t\t\t\t\t\t\t\t\t\t\n\t\t\t\t\t\t\t\t\t\t\t                                            <a href=\"http:\/\/el.commonsupport.com\/newwp\/intech\/about-two\/\" class=\"thm-btn about-two__btn\">Mehr lesen<\/a>\n\t\t\t\t\t\t\t\t\t\t\t                                        <\/div><!-- \/.about-two__content -->\n                                    <\/div><!-- \/.tab-pane -->\n\t\t\t\t\t\t\t\t\t                                <\/div><!-- \/.tab-content -->\n                            <\/div><!-- \/.about-two__tab-block -->\n                        <\/div><!-- \/.about-two__content -->\n                    <\/div><!-- \/.col-lg-6 -->\n                    <div class=\"col-lg-6\">\n                        <div class=\"video-one wow fadeInRight\" data-wow-duration=\"1500ms\">\n                            <img decoding=\"async\" src=\"https:\/\/ogronix.com\/wp-content\/uploads\/2021\/03\/video-1-1-5.jpg\" alt=\"Awesome Image\">\n\t\t\t\t\t\t\t                            <a href=\"https:\/\/www.youtube.com\/watch?v=y2Eqx6ys1hQ\" class=\"hvr-pulse video-one__link video-popup\"><i class=\"fa fa-play\"><\/i><\/a>\n                            <!-- \/.video-one__link -->\n\t\t\t\t\t\t\t                        <\/div><!-- \/.video-one -->\n                    <\/div><!-- \/.col-lg-6 -->\n                <\/div><!-- \/.row -->\n            <\/div><!-- \/.container -->\n        <\/section><!-- \/.about-two -->\n\n        \t\t\t\t<\/div>\n\t\t\t\t<\/div>\n\t\t\t\t\t<\/div>\n\t\t<\/div>\n\t\t\t\t\t<\/div>\n\t\t<\/section>\n\t\t\t\t<section class=\"elementor-section elementor-top-section elementor-element elementor-element-9dee5ad elementor-section-full_width elementor-section-height-default elementor-section-height-default\" data-id=\"9dee5ad\" data-element_type=\"section\">\n\t\t\t\t\t\t<div class=\"elementor-container elementor-column-gap-default\">\n\t\t\t\t\t<div class=\"elementor-column elementor-col-100 elementor-top-column elementor-element elementor-element-8eabd3e\" data-id=\"8eabd3e\" data-element_type=\"column\">\n\t\t\t<div class=\"elementor-widget-wrap elementor-element-populated\">\n\t\t\t\t\t\t<div class=\"elementor-element elementor-element-d844349 elementor-widget elementor-widget-intech_services_v3\" data-id=\"d844349\" data-element_type=\"widget\" data-widget_type=\"intech_services_v3.default\">\n\t\t\t\t<div class=\"elementor-widget-container\">\n\t\t\t\t\t        \n        <section class=\"service-three\">\n            <div class=\"container\">\n                <div class=\"block-title text-center\">\n                    <h2 class=\"block-title__title\">Die weltbesten IT-Dienstleistungen, <br><span>die wir anbieten<\/span><\/h2><!-- \/.block-title__title -->\n                <\/div><!-- \/.block-title -->\n                <div class=\"row\">\n                                        <div class=\"col-lg-4 col-md-6 col-sm-12 wow fadeInUp\" data-wow-duration=\"1500ms\" data-wow-delay=\"500ms\">\n                        <div class=\"service-three__single\">\n                            <div class=\"service-three__icon\">\n                            \t                            \t<span class=\"icon flaticon-system\"><\/span>\n                            <\/div><!-- \/.service-three__icon -->\n                            <div class=\"service-three__content\">\n                                <h3 class=\"service-three__title\"><a href=\"http:\/\/el.commonsupport.com\/newwp\/intech\/managed-it-services\/\">Vollst\u00e4ndige Kontrolle und Unterst\u00fctzung<\/a><\/h3>\n                                <!-- \/.service-three__title -->\n                                <p class=\"service-three__text\">Wir verwalten Ihre IT-Infrastruktur: Server, Systeme und Support, um einen reibungslosen Betrieb zu gew\u00e4hrleisten.<\/p><!-- \/.service-three__text -->\n                                <a href=\"http:\/\/el.commonsupport.com\/newwp\/intech\/managed-it-services\/\" class=\"service-three__link\">Learn More<\/a><!-- \/.service-three__link -->\n                            <\/div><!-- \/.service-three__content -->\n                        <\/div><!-- \/.service-three__single -->\n                    <\/div><!-- \/.col-lg-4 -->\n\t\t\t\t\t                    <div class=\"col-lg-4 col-md-6 col-sm-12 wow fadeInUp\" data-wow-duration=\"1500ms\" data-wow-delay=\"500ms\">\n                        <div class=\"service-three__single\">\n                            <div class=\"service-three__icon\">\n                            \t                            \t<span class=\"icon flaticon-career-3\"><\/span>\n                            <\/div><!-- \/.service-three__icon -->\n                            <div class=\"service-three__content\">\n                                <h3 class=\"service-three__title\"><a href=\"http:\/\/el.commonsupport.com\/newwp\/intech\/multi-function-services\/\">Komplexe digitale L\u00f6sungen<\/a><\/h3>\n                                <!-- \/.service-three__title -->\n                                <p class=\"service-three__text\">Wir erstellen Websites, Datenbanken, mobile Apps und SaaS-Plattformen, die Ihre Gesch\u00e4ftsprozesse vereinfachen.<\/p><!-- \/.service-three__text -->\n                                <a href=\"http:\/\/el.commonsupport.com\/newwp\/intech\/multi-function-services\/\" class=\"service-three__link\">Learn More<\/a><!-- \/.service-three__link -->\n                            <\/div><!-- \/.service-three__content -->\n                        <\/div><!-- \/.service-three__single -->\n                    <\/div><!-- \/.col-lg-4 -->\n\t\t\t\t\t                    <div class=\"col-lg-4 col-md-6 col-sm-12 wow fadeInUp\" data-wow-duration=\"1500ms\" data-wow-delay=\"500ms\">\n                        <div class=\"service-three__single\">\n                            <div class=\"service-three__icon\">\n                            \t                            \t<span class=\"icon flaticon-gear-1\"><\/span>\n                            <\/div><!-- \/.service-three__icon -->\n                            <div class=\"service-three__content\">\n                                <h3 class=\"service-three__title\"><a href=\"http:\/\/el.commonsupport.com\/newwp\/intech\/cyber-security\/\">Schutz von Daten und Systemen<\/a><\/h3>\n                                <!-- \/.service-three__title -->\n                                <p class=\"service-three__text\">Wir gew\u00e4hrleisten die Sicherheit Ihrer Daten und IT-L\u00f6sungen und sch\u00fctzen sie vor Bedrohungen und Cyberangriffen.<\/p><!-- \/.service-three__text -->\n                                <a href=\"http:\/\/el.commonsupport.com\/newwp\/intech\/cyber-security\/\" class=\"service-three__link\">Learn More<\/a><!-- \/.service-three__link -->\n                            <\/div><!-- \/.service-three__content -->\n                        <\/div><!-- \/.service-three__single -->\n                    <\/div><!-- \/.col-lg-4 -->\n\t\t\t\t\t                <\/div><!-- \/.row -->\n            <\/div><!-- \/.container -->\n        <\/section><!-- \/.service-three -->\n\n        \t\t\t\t<\/div>\n\t\t\t\t<\/div>\n\t\t\t\t<div class=\"elementor-element elementor-element-d3e8b10 elementor-widget elementor-widget-intech_faqs_v1\" data-id=\"d3e8b10\" data-element_type=\"widget\" data-widget_type=\"intech_faqs_v1.default\">\n\t\t\t\t<div class=\"elementor-widget-container\">\n\t\t\t\t\t\n\t\t<section class=\"faq-one faq-one__home-three\">\n            <div class=\"container\">\n                <div class=\"row\">\n                    <div class=\"col-lg-6\">\n                        <div class=\"faq-one__block\">\n                            <div class=\"block-title\">\n                                <h2 class=\"block-title__title\"><span>H\u00e4ufig gestellte Fragen<\/span><\/h2><!-- \/.block-title__title -->\n                                <p class=\"block-title__text\">Wir verstehen, dass bei der Zusammenarbeit Fragen auftreten k\u00f6nnen. Deshalb haben wir f\u00fcr Sie die am h\u00e4ufigsten gestellten Fragen gesammelt und direkt beantwortet. Sollten Sie dennoch weitere Informationen ben\u00f6tigen oder spezifische Anliegen haben, z\u00f6gern Sie nicht, uns zu kontaktieren. Unser Team steht Ihnen jederzeit zur Verf\u00fcgung. \n<br>Haben Sie weitere Fragen? Kontaktieren Sie uns!<\/p><!-- \/.block-title__text -->\n                            <\/div><!-- \/.block-title -->\n\t\t\t\t\t\t\t\n\t\t\t\t\t\t\t\t\t\t\t\t\t\t<a href=\"http:\/\/ogronix.com\/index.php\/contact\/\" class=\"thm-btn faq-one__btn\">Kontaktieren Sie uns<\/a><!-- \/.thm-btn -->\n\t\t\t\t\t\t\t                        <\/div><!-- \/.faq-one__block -->\n                    <\/div><!-- \/.col-lg-6 -->\n                    <div class=\"col-lg-6\">\n                        <div class=\"accrodion-grp\" data-grp-name=\"faq-accrodion-1\">\n\t\t\t\t\t\t\t                            <div class=\"accrodion active\">\n                                <div class=\"accrodion-title\">\n                                    <h4><span>Q.<\/span> Wie lange dauert die Umsetzung eines Projekts?<\/h4>\n                                <\/div>\n                                <div class=\"accrodion-content\">\n                                    <div class=\"inner\">\n                                        <p>Die Dauer eines Projekts h\u00e4ngt von der Komplexit\u00e4t und den spezifischen Anforderungen ab. In der Regel ben\u00f6tigen wir f\u00fcr kleinere Projekte 2\u20134 Wochen, w\u00e4hrend gr\u00f6\u00dfere Vorhaben mehrere Monate in Anspruch nehmen k\u00f6nnen.<\/p>\n                                    <\/div><!-- \/.inner -->\n                                <\/div>\n                            <\/div>\n\t\t\t\t\t\t\t                            <div class=\"accrodion \">\n                                <div class=\"accrodion-title\">\n                                    <h4><span>Q.<\/span> Bieten Sie auch langfristige Support-Leistungen an?<\/h4>\n                                <\/div>\n                                <div class=\"accrodion-content\">\n                                    <div class=\"inner\">\n                                        <p>Ja, wir stehen Ihnen auch nach Abschluss eines Projekts mit umfassendem Support zur Seite. Unsere Experten helfen Ihnen bei Wartung, Updates und weiteren Anpassungen.<\/p>\n                                    <\/div><!-- \/.inner -->\n                                <\/div>\n                            <\/div>\n\t\t\t\t\t\t\t                            <div class=\"accrodion \">\n                                <div class=\"accrodion-title\">\n                                    <h4><span>Q.<\/span> K\u00f6nnen Ihre L\u00f6sungen an die Anforderungen meines Unternehmens angepasst werden?<\/h4>\n                                <\/div>\n                                <div class=\"accrodion-content\">\n                                    <div class=\"inner\">\n                                        <p>Selbstverst\u00e4ndlich! Unsere IT-L\u00f6sungen werden immer individuell auf die Bed\u00fcrfnisse Ihres Unternehmens zugeschnitten, um maximalen Nutzen zu gew\u00e4hrleisten.<\/p>\n                                    <\/div><!-- \/.inner -->\n                                <\/div>\n                            <\/div>\n\t\t\t\t\t\t\t                        <\/div>\n                    <\/div><!-- \/.col-lg-6 -->\n                <\/div><!-- \/.row -->\n            <\/div><!-- \/.container -->\n        <\/section><!-- \/.faq-one -->\n\n        \t\t\t\t<\/div>\n\t\t\t\t<\/div>\n\t\t\t\t\t<\/div>\n\t\t<\/div>\n\t\t\t\t\t<\/div>\n\t\t<\/section>\n\t\t\t\t<section class=\"elementor-section elementor-top-section elementor-element elementor-element-f5268bb elementor-section-full_width elementor-section-height-default elementor-section-height-default\" data-id=\"f5268bb\" data-element_type=\"section\">\n\t\t\t\t\t\t<div class=\"elementor-container elementor-column-gap-default\">\n\t\t\t\t\t<div class=\"elementor-column elementor-col-100 elementor-top-column elementor-element elementor-element-e5c8a6e\" data-id=\"e5c8a6e\" data-element_type=\"column\">\n\t\t\t<div class=\"elementor-widget-wrap elementor-element-populated\">\n\t\t\t\t\t\t<div class=\"elementor-element elementor-element-57116cd elementor-widget elementor-widget-intech_call_to_action_v3\" data-id=\"57116cd\" data-element_type=\"widget\" data-widget_type=\"intech_call_to_action_v3.default\">\n\t\t\t\t<div class=\"elementor-widget-container\">\n\t\t\t\t\t        \n         <section class=\"cta-two wow fadeInUp\" data-wow-duration=\"2s\">\n            <div class=\"container-fluid\">\n                <div class=\"row no-gutters\">\n                    <div class=\"col-lg-6\">\n                        <div class=\"cta-two__left\">\n                            <div class=\"cta-two__inner\">\n                                <div class=\"block-title\">\n                                    <h2 class=\"block-title__title\">Wir betreiben IT-Dienstleistungen aller Art,<br><span>die Ihren Erfolg versprechen<\/span><\/h2><!-- \/.block-title__title -->\n                                <\/div><!-- \/.block-title -->\n\t\t\t\t\t\t\t\t                                <a href=\"http:\/\/ogronix.com\/index.php\/contact\/\" class=\"thm-btn cta-two__btn\"> Kontaktieren Sie uns<\/a><!-- \/.thm-btn -->\n\t\t\t\t\t\t\t\t                            <\/div><!-- \/.cta-two__inner -->\n                        <\/div><!-- \/.cta-two__left -->\n                    <\/div><!-- \/.col-lg-6 -->\n                    <div class=\"col-lg-6\">\n                        <div class=\"cta-two__right\">\n                            <div class=\"cta-two__inner\">\n                                <div class=\"block-title\">\n                                    <h2 class=\"block-title__title\">Nehmen Sie Kontakt mit unseren IT-Mitarbeitern auf.  \n\n <li>Schreiben Sie uns? <\/li>\n<\/ul><\/h2><!-- \/.block-title__title -->\n                                <\/div><!-- \/.block-title -->\n                                <p class=\"cta-two__phone\"><a href=\"tel:x\">info@ogronix.com<\/a><\/p>\n                                <!-- \/.cta-two__phone -->\n                            <\/div><!-- \/.cta-two__inner -->\n                        <\/div><!-- \/.cta-two__right -->\n                    <\/div><!-- \/.col-lg-6 -->\n                <\/div><!-- \/.row no-gutters -->\n            <\/div><!-- \/.container-fluid -->\n        <\/section><!-- \/.cta-two -->\n\n        \t\t\t\t<\/div>\n\t\t\t\t<\/div>\n\t\t\t\t\t<\/div>\n\t\t<\/div>\n\t\t\t\t\t<\/div>\n\t\t<\/section>\n\t\t\t\t<\/div>\n\t\t","protected":false},"excerpt":{"rendered":"<p>Beste IT-L\u00f6sungsunternehmen in der N\u00e4he der Welt \u00dcber uns Unsere Mission Unsere Werte Unser Unternehmen bietet individuelle IT-L\u00f6sungen, die auf die spezifischen Bed\u00fcrfnisse jedes Kunden zugeschnitten sind. Unser Ansatz basiert darauf, Ihr Gesch\u00e4ft bis ins Detail zu verstehen, um innovative und effektive L\u00f6sungen zu entwickeln, die echten Mehrwert schaffen. Schritt 1: Verst\u00e4ndnis der Gesch\u00e4ftsprozesse \u2013 [&hellip;]<\/p>\n","protected":false},"author":1,"featured_media":0,"parent":0,"menu_order":0,"comment_status":"closed","ping_status":"closed","template":"tpl-default-elementor.php","meta":{"footnotes":""},"class_list":["post-380","page","type-page","status-publish","hentry"],"_links":{"self":[{"href":"https:\/\/ogronix.com\/index.php\/wp-json\/wp\/v2\/pages\/380","targetHints":{"allow":["GET"]}}],"collection":[{"href":"https:\/\/ogronix.com\/index.php\/wp-json\/wp\/v2\/pages"}],"about":[{"href":"https:\/\/ogronix.com\/index.php\/wp-json\/wp\/v2\/types\/page"}],"author":[{"embeddable":true,"href":"https:\/\/ogronix.com\/index.php\/wp-json\/wp\/v2\/users\/1"}],"replies":[{"embeddable":true,"href":"https:\/\/ogronix.com\/index.php\/wp-json\/wp\/v2\/comments?post=380"}],"version-history":[{"count":64,"href":"https:\/\/ogronix.com\/index.php\/wp-json\/wp\/v2\/pages\/380\/revisions"}],"predecessor-version":[{"id":1782,"href":"https:\/\/ogronix.com\/index.php\/wp-json\/wp\/v2\/pages\/380\/revisions\/1782"}],"wp:attachment":[{"href":"https:\/\/ogronix.com\/index.php\/wp-json\/wp\/v2\/media?parent=380"}],"curies":[{"name":"wp","href":"https:\/\/api.w.org\/{rel}","templated":true}]}}