{"id":1013,"date":"2021-03-12T07:10:19","date_gmt":"2021-03-12T07:10:19","guid":{"rendered":"http:\/\/el.commonsupport.com\/newwp\/intech\/?page_id=7"},"modified":"2026-01-02T14:01:51","modified_gmt":"2026-01-02T13:01:51","slug":"home-one","status":"publish","type":"page","link":"https:\/\/ogronix.com\/","title":{"rendered":"Home"},"content":{"rendered":"\t\t<div data-elementor-type=\"wp-page\" data-elementor-id=\"1013\" class=\"elementor elementor-1013\">\n\t\t\t\t\t\t<section class=\"elementor-section elementor-top-section elementor-element elementor-element-c58a6b7 elementor-section-full_width elementor-section-height-default elementor-section-height-default\" data-id=\"c58a6b7\" data-element_type=\"section\">\n\t\t\t\t\t\t<div class=\"elementor-container elementor-column-gap-default\">\n\t\t\t\t\t<div class=\"elementor-column elementor-col-100 elementor-top-column elementor-element elementor-element-8df68a9\" data-id=\"8df68a9\" data-element_type=\"column\">\n\t\t\t<div class=\"elementor-widget-wrap elementor-element-populated\">\n\t\t\t\t\t\t<div class=\"elementor-element elementor-element-a1e2e50 elementor-widget__width-initial elementor-widget elementor-widget-intech_services_v1\" data-id=\"a1e2e50\" data-element_type=\"widget\" data-widget_type=\"intech_services_v1.default\">\n\t\t\t\t<div class=\"elementor-widget-container\">\n\t\t\t\t\t        \n        <section class=\"service-one  service-one__service-page\">\n            <div class=\"container\">\n                <hr class=\"style-one\">\n                <div class=\"block-title text-center\">\n                    <h2 class=\"block-title__title\">  <span>Effiziente Schritte zur Zusammenarbeit<\/span><\/h2>\n                <\/div><!-- \/.block-title -->\n                <div class=\"row\">\n                                        <div class=\"col-lg-4 wow fadeInUp\" data-wow-duration=\"1500ms\" data-wow-delay=\"500ms\">\n                        <div class=\"service-one__single hvr-bounce-to-bottom\">\n                            <div class=\"service-one__icon\">\n\t\t\t\t\t\t\t\t\n\t\t\t\t\t\t\t\t                            \t<span class=\"icon flaticon-system\"><\/span>\n                            <\/div><!-- \/.service-one__icon -->\n                            <h3 class=\"service-one__title\"><a href=\"http:\/\/el.commonsupport.com\/newwp\/intech\/managed-it-services\/\">1) Anfrage ausf\u00fcllen und absenden<\/a><\/h3>\n                            <!-- \/.service-one__title -->\n                            <p class=\"service-one__text\">F\u00fcllen Sie unser Online-Formular aus und senden Sie es an uns, damit wir alle notwendigen Informationen \u00fcber Ihre Anforderungen erhalten.<\/p><!-- \/.service-one__text -->\n                            <a href=\"http:\/\/el.commonsupport.com\/newwp\/intech\/managed-it-services\/\" class=\"service-one__link\"><i class=\"fa fa-angle-right\"><\/i>\n                                <!-- \/.fa fa-angle-right --><\/a><!-- \/.service-one__link -->\n                        <\/div><!-- \/.service-one__single -->\n                    <\/div><!-- \/.col-lg-4 -->\n                                        <div class=\"col-lg-4 wow fadeInUp\" data-wow-duration=\"1500ms\" data-wow-delay=\"500ms\">\n                        <div class=\"service-one__single hvr-bounce-to-bottom\">\n                            <div class=\"service-one__icon\">\n\t\t\t\t\t\t\t\t\n\t\t\t\t\t\t\t\t                            \t<span class=\"icon flaticon-career-3\"><\/span>\n                            <\/div><!-- \/.service-one__icon -->\n                            <h3 class=\"service-one__title\"><a href=\"http:\/\/el.commonsupport.com\/newwp\/intech\/multi-function-services\/\">2) Beratung und individuelles Angebot<\/a><\/h3>\n                            <!-- \/.service-one__title -->\n                            <p class=\"service-one__text\">Wir kontaktieren Sie, analysieren Ihr Unternehmen und Ihre Bed\u00fcrfnisse und erstellen ein ma\u00dfgeschneidertes Angebot f\u00fcr Ihre Anforderungen.<\/p><!-- \/.service-one__text -->\n                            <a href=\"http:\/\/el.commonsupport.com\/newwp\/intech\/multi-function-services\/\" class=\"service-one__link\"><i class=\"fa fa-angle-right\"><\/i>\n                                <!-- \/.fa fa-angle-right --><\/a><!-- \/.service-one__link -->\n                        <\/div><!-- \/.service-one__single -->\n                    <\/div><!-- \/.col-lg-4 -->\n                                        <div class=\"col-lg-4 wow fadeInUp\" data-wow-duration=\"1500ms\" data-wow-delay=\"500ms\">\n                        <div class=\"service-one__single hvr-bounce-to-bottom\">\n                            <div class=\"service-one__icon\">\n\t\t\t\t\t\t\t\t\n\t\t\t\t\t\t\t\t                            \t<span class=\"icon flaticon-gear-1\"><\/span>\n                            <\/div><!-- \/.service-one__icon -->\n                            <h3 class=\"service-one__title\"><a href=\"http:\/\/el.commonsupport.com\/newwp\/intech\/cyber-security\/\">3) Vertragsabschluss und Projektstart<\/a><\/h3>\n                            <!-- \/.service-one__title -->\n                            <p class=\"service-one__text\">Nach Zustimmung zu unserem Angebot unterzeichnen wir die Vereinbarung und starten sofort mit der Umsetzung Ihres Projekts.<\/p><!-- \/.service-one__text -->\n                            <a href=\"http:\/\/el.commonsupport.com\/newwp\/intech\/cyber-security\/\" class=\"service-one__link\"><i class=\"fa fa-angle-right\"><\/i>\n                                <!-- \/.fa fa-angle-right --><\/a><!-- \/.service-one__link -->\n                        <\/div><!-- \/.service-one__single -->\n                    <\/div><!-- \/.col-lg-4 -->\n                                    <\/div><!-- \/.row -->\n            <\/div><!-- \/.container -->\n        <\/section><!-- \/.service-one -->\n\n        \t\t\t\t<\/div>\n\t\t\t\t<\/div>\n\t\t\t\t<div class=\"elementor-element elementor-element-e314697 elementor-widget elementor-widget-intech_slider\" data-id=\"e314697\" data-element_type=\"widget\" data-widget_type=\"intech_slider.default\">\n\t\t\t\t<div class=\"elementor-widget-container\">\n\t\t\t\t\t        \n        <section class=\"banner-one\">\n            <div class=\"banner-one__carousel owl-carousel owl-theme\">\n                                <div class=\"item\">\n                    <div class=\"banner-one__single banner-one__slide-1\" style=\"background-image: url(https:\/\/ogronix.com\/wp-content\/uploads\/2021\/03\/slider-bg-3-1-5.jpg);\">\n                        <div class=\"container\">\n\t\t\t\t\t\t\t                            <div class=\"col-lg-6 col-md-8\">\n                                <div class=\"banner-one__content\">\n\t\t\t\t\t\t\t\t\t                                    <h3 class=\"banner-one__title banner-one__is-animated\">Gesch\u00e4ftsautomatisierung aus einer Hand<\/h3><!-- \/.banner-one__title -->\n\t\t\t\t\t\t\t\t\t                                    <p class=\"banner-one__tag-line banner-one__is-animated\">Wir entwickeln effektive IT-L\u00f6sungen f\u00fcr die Weiterentwicklung Ihres Unternehmens:<\/p>\n                                    <!-- \/.banner-one__tag-line -->\n\t\t\t\t\t\t\t\t\t                                    <p class=\"banner-one__text banner-one__is-animated\"><ul>\n <li>\u2022 Entwicklung von Websites und mobilen Anwendungen <\/li>\n <li>\u2022 Gestaltung und Verwaltung von Datenbanken<\/li>\n <li>\u2022 Erstellung von TV-Plattformen <\/li>\n <li>\u2022 Komplexe Systeml\u00f6sungen f\u00fcr einen stabilen Betrieb<\/li>\n <li>\u2022 Vollst\u00e4ndige Automatisierung von Gesch\u00e4ftsprozessen<\/li>\n<\/ul>\nMit uns erhalten Sie moderne Technologien, die Ihre Abl\u00e4ufe optimieren, Ressourcen sparen und die Effizienz Ihres Unternehmens steigern.<\/p><!-- \/.banner-one__text -->\n\t\t\t\t\t\t\t\t\t\n\t\t\t\t\t\t\t\t\t<div class=\"banner-one__btn-group\">\n\t\t\t\t\t\t\t\t\t\t\t\t\t\t\t\t\t\t\t\t<a href=\"http:\/\/sportinphone.com\/index.php\/contact\/\" class=\"thm-btn banner-one__btn default-btn\">Erfahren Sie mehr<\/a><!-- \/.thm-btn -->\n\t\t\t\t\t\t\t\t\t\t\n\t\t\t\t\t\t\t\t\t\t\t\t\t\t\t\t\t\t\t<\/div>\n                                <\/div><!-- \/.banner-one__content -->\n                            <\/div><!-- \/.col-lg-6 -->\n                        <\/div><!-- \/.container -->\n                    <\/div><!-- \/.banner-one__single -->\n                <\/div><!-- \/.item -->\n\t\t\t\t            <\/div><!-- \/.banner-one__carousel owl-carousel owl-theme -->\n        <\/section><!-- \/.banner-one -->\n        \n        \t\t\t\t<\/div>\n\t\t\t\t<\/div>\n\t\t\t\t\t<\/div>\n\t\t<\/div>\n\t\t\t\t\t<\/div>\n\t\t<\/section>\n\t\t\t\t<section class=\"elementor-section elementor-top-section elementor-element elementor-element-cb0575d elementor-section-full_width elementor-section-height-default elementor-section-height-default\" data-id=\"cb0575d\" data-element_type=\"section\">\n\t\t\t\t\t\t<div class=\"elementor-container elementor-column-gap-default\">\n\t\t\t\t\t<div class=\"elementor-column elementor-col-100 elementor-top-column elementor-element elementor-element-5c30357\" data-id=\"5c30357\" data-element_type=\"column\">\n\t\t\t<div class=\"elementor-widget-wrap elementor-element-populated\">\n\t\t\t\t\t\t<div class=\"elementor-element elementor-element-d6485af elementor-widget elementor-widget-intech_about_us_v1\" data-id=\"d6485af\" data-element_type=\"widget\" data-widget_type=\"intech_about_us_v1.default\">\n\t\t\t\t<div class=\"elementor-widget-container\">\n\t\t\t\t\t        \n        <section class=\"about-one @@extra_class\">\n            <div class=\"container\">\n                <div class=\"row\">\n                    <div class=\"col-lg-6\">\n                        <div class=\"about-one__content\">\n                            <div class=\"block-title\">\n                                <h3 class=\"block-title__title\">Beste IT-L\u00f6sungsunternehmen\n<br><span>in der N\u00e4he der Welt<\/span><\/h3><!-- \/.block-title__title -->\n                                <p class=\"block-title__text\"><\/p>\n                                <!-- \/.block-title__text -->\n                            <\/div><!-- \/.block-title -->\n                            <ul class=\"nav nav-tabs about-one__tab-title\" role=\"tablist\">\n\t\t\t\t\t\t\t\t                                <li class=\"nav-item about-one__tab-title-item\">\n                                    <a class=\"nav-link about-one__tab-title-link active\" href=\"#tab-1\" role=\"tab\" data-toggle=\"tab\">\u00dcber uns<\/a>\n                                <\/li>\n\t\t\t\t\t\t\t\t                                <li class=\"nav-item about-one__tab-title-item\">\n                                    <a class=\"nav-link about-one__tab-title-link \" href=\"#tab-2\" role=\"tab\" data-toggle=\"tab\">Unsere Mission<\/a>\n                                <\/li>\n\t\t\t\t\t\t\t\t                                <li class=\"nav-item about-one__tab-title-item\">\n                                    <a class=\"nav-link about-one__tab-title-link \" href=\"#tab-3\" role=\"tab\" data-toggle=\"tab\">Unsere Werte<\/a>\n                                <\/li>\n\t\t\t\t\t\t\t\t                            <\/ul>\n                            <div class=\"about-one__tab-content tab-content\">\n\t\t\t\t\t\t\t\t                                <div role=\"tabpanel\" class=\"tab-pane show active animated fadeInUp\" id=\"tab-1\">\n                                    <div class=\"about-one__content\">\n                                        <p class=\"about-one__text\">Unser Unternehmen bietet individuelle IT-L\u00f6sungen, die auf die spezifischen Bed\u00fcrfnisse jedes Kunden zugeschnitten sind. Unser Ansatz basiert darauf, Ihr Gesch\u00e4ft bis ins Detail zu verstehen, um innovative und effektive L\u00f6sungen zu entwickeln, die echten Mehrwert schaffen.<\/p>\n                                        \n\t\t\t\t\t\t\t\t\t\t\t\t\t\t\t\t\t\t\t\t<ul class=\"about-one__list list-unstyled\">\n\t\t\t\t\t\t\t\t\t\t\t                                            <li class=\"about-one__list-item\">Schritt 1: Verst\u00e4ndnis der Gesch\u00e4ftsprozesse \u2013 Wir analysieren Ihre Abl\u00e4ufe, um Ihre Produkte, Dienstleistungen und Herausforderungen vollst\u00e4ndig zu verstehen.<\/li><!-- \/.about-one__list-item -->\n                                                                                        <li class=\"about-one__list-item\">Schritt 2: Entwicklung ma\u00dfgeschneiderter Strategien \u2013 Auf Grundlage der Analyse entwerfen wir individuelle L\u00f6sungen, die genau zu Ihren Anforderungen und Zielen passen.<\/li><!-- \/.about-one__list-item -->\n                                                                                        <li class=\"about-one__list-item\">Schritt 3: Implementierung der L\u00f6sungen \u2013 Wir setzen die geplanten Ma\u00dfnahmen nahtlos um, integrieren sie in Ihre Prozesse und stellen sicher, dass alles reibungslos funktioniert.<\/li><!-- \/.about-one__list-item -->\n                                                                                    <\/ul><!-- \/.about-one__list -->\n\t\t\t\t\t\t\t\t\t\t\t\t\t\t\t\t\t\t\t\t\n\t\t\t\t\t\t\t\t\t\t                                    <\/div><!-- \/.about-one__content -->\n                                <\/div><!-- \/.tab-pane -->\n\t\t\t\t\t\t\t\t                                <div role=\"tabpanel\" class=\"tab-pane  animated fadeInUp\" id=\"tab-2\">\n                                    <div class=\"about-one__content\">\n                                        <p class=\"about-one__text\">Unsere Mission ist es, Unternehmen bei ihrer digitalen Transformation zu unterst\u00fctzen und ihnen innovative Werkzeuge an die Hand zu geben, mit denen sie effizienter, flexibler und zukunftsf\u00e4higer werden. Wir sind \u00fcberzeugt, dass die Digitalisierung nicht nur technische Prozesse verbessert, sondern auch neue Chancen f\u00fcr Wachstum und Erfolg schafft. Durch unsere L\u00f6sungen helfen wir unseren Kunden, komplexe Herausforderungen zu meistern, ihre Gesch\u00e4ftsprozesse zu optimieren und nachhaltige Wettbewerbsvorteile zu erzielen. Mit Leidenschaft f\u00fcr Technologie und einem klaren Fokus auf Ergebnisse setzen wir neue Ma\u00dfst\u00e4be in der IT-Branche.<\/p>\n                                        \n\t\t\t\t\t\t\t\t\t\t\t\t\t\t\t\t\t\t\t\t<ul class=\"about-one__list list-unstyled\">\n\t\t\t\t\t\t\t\t\t\t\t                                            <li class=\"about-one__list-item\">F\u00f6rderung der digitalen Transformation in allen Branchen<\/li><!-- \/.about-one__list-item -->\n                                                                                        <li class=\"about-one__list-item\">Entwicklung zukunftssicherer IT-Strategien<\/li><!-- \/.about-one__list-item -->\n                                                                                        <li class=\"about-one__list-item\">Unterst\u00fctzung f\u00fcr nachhaltiges Unternehmenswachstum<\/li><!-- \/.about-one__list-item -->\n                                                                                    <\/ul><!-- \/.about-one__list -->\n\t\t\t\t\t\t\t\t\t\t\t\t\t\t\t\t\t\t\t\t\n\t\t\t\t\t\t\t\t\t\t\t\t\t\t\t\t\t\t\t\t<a href=\"http:\/\/el.commonsupport.com\/newwp\/intech\/about-one\/\" class=\"thm-btn about-one__btn\">Mehr lesen<\/a><!-- \/.thm-btn -->\n\t\t\t\t\t\t\t\t\t\t                                    <\/div><!-- \/.about-one__content -->\n                                <\/div><!-- \/.tab-pane -->\n\t\t\t\t\t\t\t\t                                <div role=\"tabpanel\" class=\"tab-pane  animated fadeInUp\" id=\"tab-3\">\n                                    <div class=\"about-one__content\">\n                                        <p class=\"about-one__text\">Unsere Arbeit basiert auf klar definierten Werten, die unser Handeln und unsere Zusammenarbeit mit Kunden und Partnern bestimmen. Integrit\u00e4t bedeutet f\u00fcr uns, dass wir transparent und zuverl\u00e4ssig arbeiten \u2013 eine Grundlage, auf der Vertrauen entsteht. Qualit\u00e4t steht im Mittelpunkt all unserer Dienstleistungen: Wir setzen alles daran, h\u00f6chste Standards zu erf\u00fcllen und unseren Kunden langfristigen Mehrwert zu bieten. Innovation ist der Treiber unseres Handelns. Wir suchen stets nach neuen Wegen und Technologien, um noch bessere L\u00f6sungen zu schaffen. Diese Werte machen uns zu einem verl\u00e4sslichen Partner f\u00fcr Unternehmen, die auf der Suche nach echten IT-L\u00f6sungen sind.<\/p>\n                                        \n\t\t\t\t\t\t\t\t\t\t\t\t\t\t\t\t\t\t\t\t<ul class=\"about-one__list list-unstyled\">\n\t\t\t\t\t\t\t\t\t\t\t                                            <li class=\"about-one__list-item\">Transparenz und Vertrauen in jeder Zusammenarbeit<\/li><!-- \/.about-one__list-item -->\n                                                                                        <li class=\"about-one__list-item\">Streben nach h\u00f6chster Qualit\u00e4t in allen Projekten<\/li><!-- \/.about-one__list-item -->\n                                                                                        <li class=\"about-one__list-item\">Kreative und innovative Ans\u00e4tze f\u00fcr IT-L\u00f6sungen<\/li><!-- \/.about-one__list-item -->\n                                                                                    <\/ul><!-- \/.about-one__list -->\n\t\t\t\t\t\t\t\t\t\t\t\t\t\t\t\t\t\t\t\t\n\t\t\t\t\t\t\t\t\t\t\t\t\t\t\t\t\t\t\t\t<a href=\"http:\/\/el.commonsupport.com\/newwp\/intech\/about-one\/\" class=\"thm-btn about-one__btn\">Mehr lesen<\/a><!-- \/.thm-btn -->\n\t\t\t\t\t\t\t\t\t\t                                    <\/div><!-- \/.about-one__content -->\n                                <\/div><!-- \/.tab-pane -->\n\t\t\t\t\t\t\t\t                            <\/div><!-- \/.tab-content -->\n                        <\/div><!-- \/.about-one__content -->\n                    <\/div><!-- \/.col-lg-6 -->\n                    <div class=\"col-lg-6\">\n                        <div class=\"video-one wow fadeInRight\" data-wow-duration=\"1500ms\">\n                            <img decoding=\"async\" src=\"https:\/\/ogronix.com\/wp-content\/uploads\/2021\/03\/video-1-1-5.jpg\" alt=\"Awesome Image\">\n\t\t\t\t\t\t\t                        <\/div><!-- \/.video-one -->\n                    <\/div><!-- \/.col-lg-6 -->\n                <\/div><!-- \/.row -->\n            <\/div><!-- \/.container -->\n        <\/section><!-- \/.about-one -->\n\n        \t\t\t\t<\/div>\n\t\t\t\t<\/div>\n\t\t\t\t\t<\/div>\n\t\t<\/div>\n\t\t\t\t\t<\/div>\n\t\t<\/section>\n\t\t<div class=\"elementor-element elementor-element-3be4d84 e-flex e-con-boxed e-con e-parent\" data-id=\"3be4d84\" data-element_type=\"container\">\n\t\t\t\t\t<div class=\"e-con-inner\">\n\t\t\t\t<div class=\"elementor-element elementor-element-7596b79 elementor-widget elementor-widget-intech_call_to_action_v1\" data-id=\"7596b79\" data-element_type=\"widget\" data-widget_type=\"intech_call_to_action_v1.default\">\n\t\t\t\t<div class=\"elementor-widget-container\">\n\t\t\t\t\t        \n        <section class=\"cta-one\">\n            <div class=\"container text-center\">\n                <h3 class=\"cta-one__title\">Nehmen Sie Kontakt mit unseren IT-Mitarbeitern auf. <br>Schreiben Sie uns?<\/h3><!-- \/.cta-one__title -->\n                <p class=\"cta-one__phone\"><a href=\"tel:x\">info@ogronix.com<\/a><\/p><!-- \/.cta-one__phone -->\n            <\/div><!-- \/.container -->\n        <\/section><!-- \/.cta-one -->\n\n        \t\t\t\t<\/div>\n\t\t\t\t<\/div>\n\t\t\t\t\t<\/div>\n\t\t\t\t<\/div>\n\t\t\t\t<\/div>\n\t\t","protected":false},"excerpt":{"rendered":"<p>Effiziente Schritte zur Zusammenarbeit 1) Anfrage ausf\u00fcllen und absenden F\u00fcllen Sie unser Online-Formular aus und senden Sie es an uns, damit wir alle notwendigen Informationen \u00fcber Ihre Anforderungen erhalten. 2) Beratung und individuelles Angebot Wir kontaktieren Sie, analysieren Ihr Unternehmen und Ihre Bed\u00fcrfnisse und erstellen ein ma\u00dfgeschneidertes Angebot f\u00fcr Ihre Anforderungen. 3) Vertragsabschluss und Projektstart [&hellip;]<\/p>\n","protected":false},"author":1,"featured_media":0,"parent":0,"menu_order":0,"comment_status":"closed","ping_status":"closed","template":"tpl-default-elementor.php","meta":{"footnotes":""},"class_list":["post-1013","page","type-page","status-publish","hentry"],"_links":{"self":[{"href":"https:\/\/ogronix.com\/index.php\/wp-json\/wp\/v2\/pages\/1013","targetHints":{"allow":["GET"]}}],"collection":[{"href":"https:\/\/ogronix.com\/index.php\/wp-json\/wp\/v2\/pages"}],"about":[{"href":"https:\/\/ogronix.com\/index.php\/wp-json\/wp\/v2\/types\/page"}],"author":[{"embeddable":true,"href":"https:\/\/ogronix.com\/index.php\/wp-json\/wp\/v2\/users\/1"}],"replies":[{"embeddable":true,"href":"https:\/\/ogronix.com\/index.php\/wp-json\/wp\/v2\/comments?post=1013"}],"version-history":[{"count":131,"href":"https:\/\/ogronix.com\/index.php\/wp-json\/wp\/v2\/pages\/1013\/revisions"}],"predecessor-version":[{"id":1779,"href":"https:\/\/ogronix.com\/index.php\/wp-json\/wp\/v2\/pages\/1013\/revisions\/1779"}],"wp:attachment":[{"href":"https:\/\/ogronix.com\/index.php\/wp-json\/wp\/v2\/media?parent=1013"}],"curies":[{"name":"wp","href":"https:\/\/api.w.org\/{rel}","templated":true}]}}